{"id":72519,"date":"2023-02-02T10:53:54","date_gmt":"2023-02-02T16:53:54","guid":{"rendered":"https:\/\/old.prepareandprosper.org\/preparacion-de-impuestos-gratuita\/preguntas-frecuentes\/"},"modified":"2023-03-14T14:45:04","modified_gmt":"2023-03-14T19:45:04","slug":"preguntas-frecuentes","status":"publish","type":"page","link":"https:\/\/old.prepareandprosper.org\/es\/preparacion-de-impuestos-gratuita\/preguntas-frecuentes\/","title":{"rendered":"Preguntas Frecuentes"},"content":{"rendered":"<section class=\"wpb-content-wrapper\"><p>[vc_row row_height_percent=\u00bb0&#8243; overlay_alpha=\u00bb50&#8243; gutter_size=\u00bb3&#8243; column_width_percent=\u00bb100&#8243; shift_y=\u00bb0&#8243; z_index=\u00bb0&#8243; el_class=\u00bbinternal-banner-row hero-row-banner\u00bb css=\u00bb.vc_custom_1675110976030{margin-bottom: 60px !important;}\u00bb uncode_shortcode_id=\u00bb353312&#8243;][vc_column width=\u00bb1\/1&#8243;][vc_row_inner limit_content=\u00bb\u00bb][vc_column_inner column_width_percent=\u00bb100&#8243; gutter_size=\u00bb3&#8243; overlay_alpha=\u00bb50&#8243; shift_x=\u00bb0&#8243; shift_y=\u00bb0&#8243; shift_y_down=\u00bb0&#8243; z_index=\u00bb0&#8243; medium_width=\u00bb4&#8243; mobile_width=\u00bb0&#8243; width=\u00bb5\/12&#8243;][vc_custom_heading heading_semantic=\u00bbh1&#8243; text_size=\u00bbh1&#8243;]<\/p>\n<h1>PREGUNTAS FRECUENTES<\/h1>\n<p>[\/vc_custom_heading][vc_separator sep_color=\u00bbcolor-571301&#8243; type=\u00bbdotted\u00bb el_width=\u00bb100px\u00bb el_height=\u00bb7&#8243; el_class=\u00bbdivider-orange\u00bb][vc_column_text uncode_shortcode_id=\u00bb217034&#8243;]Nuestras l\u00edneas telef\u00f3nicas suenan constantemente durante la temporada de impuestos. Hacemos todo lo posible por responder a las llamadas lo antes posible.<\/p>\n<p>Consulte las preguntas y respuestas que figuran a continuaci\u00f3n para ver si podemos responder a su pregunta sin la molestia de una llamada telef\u00f3nica.[\/vc_column_text][vc_empty_space empty_h=\u00bb2&#8243; medium_visibility=\u00bbyes\u00bb mobile_visibility=\u00bbyes\u00bb][vc_single_image media=\u00bb72301&#8243; media_width_percent=\u00bb100&#8243; uncode_shortcode_id=\u00bb464954&#8243;][\/vc_column_inner][vc_column_inner width=\u00bb7\/12&#8243;][vc_single_image media=\u00bb72392&#8243; media_width_percent=\u00bb100&#8243; uncode_shortcode_id=\u00bb519740&#8243;][\/vc_column_inner][\/vc_row_inner][\/vc_column][\/vc_row][vc_row row_height_percent=\u00bb0&#8243; overlay_alpha=\u00bb50&#8243; gutter_size=\u00bb3&#8243; column_width_percent=\u00bb100&#8243; shift_y=\u00bb0&#8243; z_index=\u00bb0&#8243; desktop_visibility=\u00bbyes\u00bb][vc_column width=\u00bb1\/1&#8243;][vc_wp_custommenu nav_menu=\u00bb173&#8243; title=\u00bbNavegar\u00bb el_class=\u00bbaccordion\u00bb][\/vc_column][\/vc_row][vc_row][vc_column width=\u00bb2\/3&#8243;][vc_column_text uncode_shortcode_id=\u00bb116904&#8243;]<style>#sp-ea-72544 .spcollapsing { height: 0; overflow: hidden; transition-property: height;transition-duration: 300ms;}#sp-ea-72544.sp-easy-accordion>.sp-ea-single {margin-bottom: 10px; border: 1px solid #e2e2e2; }#sp-ea-72544.sp-easy-accordion>.sp-ea-single>.ea-header a {color: #444;}#sp-ea-72544.sp-easy-accordion>.sp-ea-single>.sp-collapse>.ea-body {background: #fff; color: #444;}#sp-ea-72544.sp-easy-accordion>.sp-ea-single {background: #f9a33f;}#sp-ea-72544.sp-easy-accordion>.sp-ea-single>.ea-header a .ea-expand-icon { float: left; color: #444;font-size: 16px;}<\/style><div id=\"sp_easy_accordion-1777380785\"><div id=\"sp-ea-72544\" class=\"sp-ea-one sp-easy-accordion\" data-ea-active=\"ea-click\" data-ea-mode=\"vertical\" data-preloader=\"\" data-scroll-active-item=\"\" data-offset-to-scroll=\"0\"><div class=\"ea-card ea-expand sp-ea-single\"><h3 class=\"ea-header\"><a class=\"collapsed\" id=\"ea-header-725440\" role=\"button\" data-sptoggle=\"spcollapse\" data-sptarget=\"#collapse725440\" aria-controls=\"collapse725440\" href=\"#\" aria-expanded=\"true\" tabindex=\"0\"><i aria-hidden=\"true\" role=\"presentation\" class=\"ea-expand-icon eap-icon-ea-expand-minus\"><\/i> Tengo una situaci\u00f3n \u00fanica. \u00bfPuedes hacer mis impuestos?<\/a><\/h3><div class=\"sp-collapse spcollapse collapsed show\" id=\"collapse725440\" data-parent=\"#sp-ea-72544\" role=\"region\" aria-labelledby=\"ea-header-725440\"> <div class=\"ea-body\"><p>Podemos preparar una amplia variedad de situaciones fiscales, ya sea que su declaraci\u00f3n sea simple, complicada o detallada.<\/p><p>Sin embargo, hay algunas situaciones que nuestras regulaciones del IRS no permiten. No podemos preparar sus impuestos si usted:<\/p><p>Tener ingresos como taxista (pero podemos obtener ingresos de Uber\/Lyft)<br \/>Recibi\u00f3 pagos de alquiler de otra persona<br \/>Declarado concurso de acreedores en el a\u00f1o fiscal que desea presentar<\/p><p>Hay otras situaciones menos comunes que tambi\u00e9n est\u00e1n fuera de nuestro alcance. Llame al 651-287-0187 si tiene preguntas sobre si podemos ayudarlo o no con su situaci\u00f3n fiscal.<\/p><\/div><\/div><\/div><div class=\"ea-card sp-ea-single\"><h3 class=\"ea-header\"><a class=\"collapsed\" id=\"ea-header-725441\" role=\"button\" data-sptoggle=\"spcollapse\" data-sptarget=\"#collapse725441\" aria-controls=\"collapse725441\" href=\"#\" aria-expanded=\"false\" tabindex=\"0\"><i aria-hidden=\"true\" role=\"presentation\" class=\"ea-expand-icon eap-icon-ea-expand-plus\"><\/i> \u00bfCu\u00e1nto tardar\u00e1 en llegar mi reembolso?<\/a><\/h3><div class=\"sp-collapse spcollapse \" id=\"collapse725441\" data-parent=\"#sp-ea-72544\" role=\"region\" aria-labelledby=\"ea-header-725441\"> <div class=\"ea-body\"><p>Cada devoluci\u00f3n es diferente, por lo que los tiempos de procesamiento variar\u00e1n. La mayor\u00eda de los reembolsos federales se emiten dentro de los 21 d\u00edas si present\u00f3 electr\u00f3nicamente con dep\u00f3sito directo. Algunas declaraciones requieren una revisi\u00f3n adicional por parte del IRS y Minnesota Revenue.<\/p><p>Reembolsos federales: consulte el estado de su reembolso llamando al 1-800-829-1954, www.irs.gov, o descargue la aplicaci\u00f3n m\u00f3vil IRS2GO.<\/p><p>Reembolsos del estado de Minnesota: consulte el estado de su reembolso llamando al 651-296-4444 o en www.revenue.state.mn.us.<\/p><p>Reembolsos de inquilinos\/propietarios: puede consultar el estado de su reembolso a partir de julio llamando al 651-296-4444 o en www.revenue.state.mn.us. Minnesota Revenue comienza a procesar reembolsos en julio. Generalmente, los inquilinos reciben reembolsos en julio o agosto y los propietarios en septiembre u octubre.<\/p><\/div><\/div><\/div><div class=\"ea-card sp-ea-single\"><h3 class=\"ea-header\"><a class=\"collapsed\" id=\"ea-header-725442\" role=\"button\" data-sptoggle=\"spcollapse\" data-sptarget=\"#collapse725442\" aria-controls=\"collapse725442\" href=\"#\" aria-expanded=\"false\" tabindex=\"0\"><i aria-hidden=\"true\" role=\"presentation\" class=\"ea-expand-icon eap-icon-ea-expand-plus\"><\/i> \u00bfPuede ayudar con los impuestos atrasados o las declaraciones de a\u00f1os anteriores?<\/a><\/h3><div class=\"sp-collapse spcollapse \" id=\"collapse725442\" data-parent=\"#sp-ea-72544\" role=\"region\" aria-labelledby=\"ea-header-725442\"> <div class=\"ea-body\"><p>Absolutamente, \u00a1esto es muy com\u00fan en Prepare + Prosper!<\/p><p>\u00bfEst\u00e1 buscando presentar una declaraci\u00f3n de impuestos de los \u00faltimos tres a\u00f1os? Todas nuestras ubicaciones deber\u00edan poder ayudarlo (siempre que cumpla con nuestras calificaciones y el alcance de los servicios). Solo aseg\u00farese de tener toda la documentaci\u00f3n adecuada, organizada por a\u00f1o(s) fiscal(es) que desea presentar. \u00a1No se demore! Los reembolsos de impuestos federales y estatales vencen despu\u00e9s de tres a\u00f1os, y los reembolsos de impuestos sobre la propiedad vencen despu\u00e9s de dos.<\/p><p>\u00bfNecesita presentar muchos a\u00f1os de declaraciones o una declaraci\u00f3n de hace m\u00e1s de tres a\u00f1os? Deber\u00e1 llamar al 651-287-0187 para programar una cita en nuestra oficina principal. Para las declaraciones que tienen m\u00e1s de tres a\u00f1os, le pedimos amablemente que tenga un aviso del IRS o Minnesota Revenue, o que adeude sus impuestos para que podamos hacerlo. Si necesita hacer varios a\u00f1os, es posible que tenga que venir m\u00e1s de una vez, ya que normalmente solo podemos hacer dos a\u00f1os fiscales en cada cita.<\/p><\/div><\/div><\/div><div class=\"ea-card sp-ea-single\"><h3 class=\"ea-header\"><a class=\"collapsed\" id=\"ea-header-725443\" role=\"button\" data-sptoggle=\"spcollapse\" data-sptarget=\"#collapse725443\" aria-controls=\"collapse725443\" href=\"#\" aria-expanded=\"false\" tabindex=\"0\"><i aria-hidden=\"true\" role=\"presentation\" class=\"ea-expand-icon eap-icon-ea-expand-plus\"><\/i> Necesito enmendar mi declaraci\u00f3n. \u00bfPuede usted ayudar?<\/a><\/h3><div class=\"sp-collapse spcollapse \" id=\"collapse725443\" data-parent=\"#sp-ea-72544\" role=\"region\" aria-labelledby=\"ea-header-725443\"> <div class=\"ea-body\"><p>Podemos ayudar con las declaraciones enmendadas que se presentaron originalmente en Prepare + Prosper; sin embargo, debido a la capacidad limitada, no podemos enmendar las declaraciones que fueron preparadas por nosotros mismos o que se presentaron originalmente con otro preparador de impuestos. Llame al 651-287-0187 para analizar el mejor proceso para enviar la informaci\u00f3n necesaria para enmendar su declaraci\u00f3n.<\/p><\/div><\/div><\/div><div class=\"ea-card sp-ea-single\"><h3 class=\"ea-header\"><a class=\"collapsed\" id=\"ea-header-725444\" role=\"button\" data-sptoggle=\"spcollapse\" data-sptarget=\"#collapse725444\" aria-controls=\"collapse725444\" href=\"#\" aria-expanded=\"false\" tabindex=\"0\"><i aria-hidden=\"true\" role=\"presentation\" class=\"ea-expand-icon eap-icon-ea-expand-plus\"><\/i> \u00bfPueden ayudarme con mi reembolso de inquilinos o propietarios?<\/a><\/h3><div class=\"sp-collapse spcollapse \" id=\"collapse725444\" data-parent=\"#sp-ea-72544\" role=\"region\" aria-labelledby=\"ea-header-725444\"> <div class=\"ea-body\"><p>\u00a1S\u00ed! Podemos ayudarlo a hacer su impuesto a la propiedad al mismo tiempo que presenta sus impuestos federales y estatales, o simplemente podemos hacer los impuestos a la propiedad. Cualquiera de nuestros sitios de impuestos podr\u00e1 ayudarlo con esto.<\/p><p>\u00bfYa present\u00f3 sus impuestos estatales y federales con nosotros, y solo necesita hacer su reembolso de inquilinos\/propietarios? \u00a1Lo hemos hecho f\u00e1cil, solo sigue estos pasos!<\/p><p>Responda todas las preguntas del folleto Informaci\u00f3n para propietarios e inquilinos disponible en nuestra p\u00e1gina Herramientas de impuestos para clientes.<br \/>Env\u00ede por correo o por fax el folleto Informaci\u00f3n para propietarios e inquilinos con una copia de su Certificado de alquiler pagado (CRP) y\/o Declaraci\u00f3n de impuestos sobre la propiedad del condado.<br \/>Por correo: Prepare + Prosper, Attn: departamento de impuestos, 2610 University Ave, Ste 450, St. Paul, MN 55114<br \/>Por fax: Atenci\u00f3n: departamento de impuestos, 651-287-0190<br \/>Espere a que le llegue por correo una copia de sus formularios completos. Nota: Preparamos estas declaraciones despu\u00e9s del 15 de abril, ya que la fecha de vencimiento de los impuestos sobre la propiedad no es hasta el 15 de agosto.<\/p><\/div><\/div><\/div><div class=\"ea-card sp-ea-single\"><h3 class=\"ea-header\"><a class=\"collapsed\" id=\"ea-header-725445\" role=\"button\" data-sptoggle=\"spcollapse\" data-sptarget=\"#collapse725445\" aria-controls=\"collapse725445\" href=\"#\" aria-expanded=\"false\" tabindex=\"0\"><i aria-hidden=\"true\" role=\"presentation\" class=\"ea-expand-icon eap-icon-ea-expand-plus\"><\/i> \u00bfC\u00f3mo obtengo una copia de mi declaraci\u00f3n de impuestos?<\/a><\/h3><div class=\"sp-collapse spcollapse \" id=\"collapse725445\" data-parent=\"#sp-ea-72544\" role=\"region\" aria-labelledby=\"ea-header-725445\"> <div class=\"ea-body\"><p>Si present\u00f3 sus impuestos con nosotros, guardamos copias de todas las declaraciones de impuestos archivadas durante tres a\u00f1os. Puede llamarnos al 651-287-0187 para solicitar una copia. Debido a la gran cantidad de informaci\u00f3n personal en las declaraciones de impuestos, solo podemos enviarle una copia por correo a la direcci\u00f3n que figura en la declaraci\u00f3n o permitirle que la recoja (con verificaci\u00f3n de identidad).<\/p><\/div><\/div><\/div><div class=\"ea-card sp-ea-single\"><h3 class=\"ea-header\"><a class=\"collapsed\" id=\"ea-header-725446\" role=\"button\" data-sptoggle=\"spcollapse\" data-sptarget=\"#collapse725446\" aria-controls=\"collapse725446\" href=\"#\" aria-expanded=\"false\" tabindex=\"0\"><i aria-hidden=\"true\" role=\"presentation\" class=\"ea-expand-icon eap-icon-ea-expand-plus\"><\/i> \u00bfCu\u00e1ndo puedo presentarme para recibir ayuda con los impuestos?<\/a><\/h3><div class=\"sp-collapse spcollapse \" id=\"collapse725446\" data-parent=\"#sp-ea-72544\" role=\"region\" aria-labelledby=\"ea-header-725446\"> <div class=\"ea-body\"><p>Nuestro horario de oficina administrativa es de 10 a. m. a 5 p. m., de lunes a jueves. Puede esperar que le devolvamos las llamadas durante este tiempo, y nuestra oficina principal (2610 University Ave, Ste 450, St. Paul, MN 55114) tambi\u00e9n est\u00e1 abierta para responder preguntas sin cita previa.<\/p><p>Nota: Nuestro horario de preparaci\u00f3n de impuestos no siempre se alinea con nuestro horario de oficina administrativa.<\/p><\/div><\/div><\/div><div class=\"ea-card sp-ea-single\"><h3 class=\"ea-header\"><a class=\"collapsed\" id=\"ea-header-725447\" role=\"button\" data-sptoggle=\"spcollapse\" data-sptarget=\"#collapse725447\" aria-controls=\"collapse725447\" href=\"#\" aria-expanded=\"false\" tabindex=\"0\"><i aria-hidden=\"true\" role=\"presentation\" class=\"ea-expand-icon eap-icon-ea-expand-plus\"><\/i> \u00bfD\u00f3nde est\u00e1 mi tarjeta prepago? Todav\u00eda no ha llegado por correo. Todav\u00eda estoy esperando. nunca lleg\u00f3<\/a><\/h3><div class=\"sp-collapse spcollapse \" id=\"collapse725447\" data-parent=\"#sp-ea-72544\" role=\"region\" aria-labelledby=\"ea-header-725447\"> <div class=\"ea-body\"><p>Su tarjeta de d\u00e9bito prepaga de Focus deber\u00eda llegar por correo entre 7 y 10 d\u00edas h\u00e1biles despu\u00e9s de que presente su declaraci\u00f3n de impuestos con nosotros, con su reembolso depositado directamente en ella. Si a\u00fan no la ha obtenido, debe comunicarse con el servicio de atenci\u00f3n al cliente de la tarjeta Focus al 877-474-0100 o visitar el sitio web en www.usbankfocus.com.<\/p><p>Si no tiene suerte, puede llamarnos al 651-262-2167 y hablar con alguien del equipo de impuestos y servicios financieros.<\/p><\/div><\/div><\/div><\/div><\/div>[\/vc_column_text][\/vc_column][vc_column width=\u00bb1\/3&#8243;][vc_wp_custommenu nav_menu=\u00bb173&#8243; title=\u00bbPreparaci\u00f3n gratuita de impuestos\u00bb el_class=\u00bbtax-prep-subnav\u00bb][\/vc_column][\/vc_row]<\/p>\n<\/section>","protected":false},"excerpt":{"rendered":"<p>[vc_row row_height_percent=\u00bb0&#8243; overlay_alpha=\u00bb50&#8243; gutter_size=\u00bb3&#8243; column_width_percent=\u00bb100&#8243; shift_y=\u00bb0&#8243; z_index=\u00bb0&#8243; el_class=\u00bbinternal-banner-row hero-row-banner\u00bb css=\u00bb.vc_custom_1675110976030{margin-bottom: 60px !important;}\u00bb uncode_shortcode_id=\u00bb353312&#8243;][vc_column width=\u00bb1\/1&#8243;][vc_row_inner limit_content=\u00bb\u00bb][vc_column_inner column_width_percent=\u00bb100&#8243; gutter_size=\u00bb3&#8243; overlay_alpha=\u00bb50&#8243; shift_x=\u00bb0&#8243; shift_y=\u00bb0&#8243; [&hellip;]<\/p>\n","protected":false},"author":31,"featured_media":0,"parent":72505,"menu_order":3,"comment_status":"closed","ping_status":"closed","template":"","meta":{"_monsterinsights_skip_tracking":false,"_monsterinsights_sitenote_active":false,"_monsterinsights_sitenote_note":"","_monsterinsights_sitenote_category":0,"footnotes":""},"class_list":["post-72519","page","type-page","status-publish","hentry"],"yoast_head":"<!-- This site is optimized with the Yoast SEO plugin v25.9 - https:\/\/yoast.com\/wordpress\/plugins\/seo\/ -->\n<title>Preguntas Frecuentes - Prepare + Prosper<\/title>\n<meta name=\"robots\" content=\"noindex, follow, max-snippet:-1, max-image-preview:large, max-video-preview:-1\" \/>\n<meta property=\"og:locale\" content=\"es_ES\" \/>\n<meta property=\"og:type\" content=\"article\" \/>\n<meta property=\"og:title\" content=\"Preguntas Frecuentes - Prepare + Prosper\" \/>\n<meta property=\"og:description\" content=\"[vc_row row_height_percent=\u00bb0&#8243; overlay_alpha=\u00bb50&#8243; gutter_size=\u00bb3&#8243; column_width_percent=\u00bb100&#8243; shift_y=\u00bb0&#8243; z_index=\u00bb0&#8243; el_class=\u00bbinternal-banner-row hero-row-banner\u00bb css=\u00bb.vc_custom_1675110976030{margin-bottom: 60px !important;}\u00bb uncode_shortcode_id=\u00bb353312&#8243;][vc_column width=\u00bb1\/1&#8243;][vc_row_inner limit_content=\u00bb\u00bb][vc_column_inner column_width_percent=\u00bb100&#8243; gutter_size=\u00bb3&#8243; overlay_alpha=\u00bb50&#8243; shift_x=\u00bb0&#8243; shift_y=\u00bb0&#8243; [&hellip;]\" \/>\n<meta property=\"og:url\" content=\"https:\/\/old.prepareandprosper.org\/es\/preparacion-de-impuestos-gratuita\/preguntas-frecuentes\/\" \/>\n<meta property=\"og:site_name\" content=\"Prepare + Prosper\" \/>\n<meta property=\"article:modified_time\" content=\"2023-03-14T19:45:04+00:00\" \/>\n<meta name=\"twitter:card\" content=\"summary_large_image\" \/>\n<meta name=\"twitter:label1\" content=\"Tiempo de lectura\" \/>\n\t<meta name=\"twitter:data1\" content=\"1 minuto\" \/>\n<script type=\"application\/ld+json\" class=\"yoast-schema-graph\">{\"@context\":\"https:\/\/schema.org\",\"@graph\":[{\"@type\":\"WebPage\",\"@id\":\"https:\/\/old.prepareandprosper.org\/es\/preparacion-de-impuestos-gratuita\/preguntas-frecuentes\/\",\"url\":\"https:\/\/old.prepareandprosper.org\/es\/preparacion-de-impuestos-gratuita\/preguntas-frecuentes\/\",\"name\":\"Preguntas Frecuentes - Prepare + Prosper\",\"isPartOf\":{\"@id\":\"https:\/\/old.prepareandprosper.org\/es\/#website\"},\"datePublished\":\"2023-02-02T16:53:54+00:00\",\"dateModified\":\"2023-03-14T19:45:04+00:00\",\"breadcrumb\":{\"@id\":\"https:\/\/old.prepareandprosper.org\/es\/preparacion-de-impuestos-gratuita\/preguntas-frecuentes\/#breadcrumb\"},\"inLanguage\":\"es\",\"potentialAction\":[{\"@type\":\"ReadAction\",\"target\":[\"https:\/\/old.prepareandprosper.org\/es\/preparacion-de-impuestos-gratuita\/preguntas-frecuentes\/\"]}]},{\"@type\":\"BreadcrumbList\",\"@id\":\"https:\/\/old.prepareandprosper.org\/es\/preparacion-de-impuestos-gratuita\/preguntas-frecuentes\/#breadcrumb\",\"itemListElement\":[{\"@type\":\"ListItem\",\"position\":1,\"name\":\"Home\",\"item\":\"https:\/\/old.prepareandprosper.org\/es\/\"},{\"@type\":\"ListItem\",\"position\":2,\"name\":\"Preparaci\u00f3n de impuestos gratuita\",\"item\":\"https:\/\/old.prepareandprosper.org\/es\/preparacion-de-impuestos-gratuita\/\"},{\"@type\":\"ListItem\",\"position\":3,\"name\":\"Preguntas Frecuentes\"}]},{\"@type\":\"WebSite\",\"@id\":\"https:\/\/old.prepareandprosper.org\/es\/#website\",\"url\":\"https:\/\/old.prepareandprosper.org\/es\/\",\"name\":\"Prepare + Prosper\",\"description\":\"Financial Wellness for Everyone\",\"potentialAction\":[{\"@type\":\"SearchAction\",\"target\":{\"@type\":\"EntryPoint\",\"urlTemplate\":\"https:\/\/old.prepareandprosper.org\/es\/?s={search_term_string}\"},\"query-input\":{\"@type\":\"PropertyValueSpecification\",\"valueRequired\":true,\"valueName\":\"search_term_string\"}}],\"inLanguage\":\"es\"}]}<\/script>\n<!-- \/ Yoast SEO plugin. -->","yoast_head_json":{"title":"Preguntas Frecuentes - Prepare + Prosper","robots":{"index":"noindex","follow":"follow","max-snippet":"max-snippet:-1","max-image-preview":"max-image-preview:large","max-video-preview":"max-video-preview:-1"},"og_locale":"es_ES","og_type":"article","og_title":"Preguntas Frecuentes - Prepare + Prosper","og_description":"[vc_row row_height_percent=\u00bb0&#8243; overlay_alpha=\u00bb50&#8243; gutter_size=\u00bb3&#8243; column_width_percent=\u00bb100&#8243; shift_y=\u00bb0&#8243; z_index=\u00bb0&#8243; el_class=\u00bbinternal-banner-row hero-row-banner\u00bb css=\u00bb.vc_custom_1675110976030{margin-bottom: 60px !important;}\u00bb uncode_shortcode_id=\u00bb353312&#8243;][vc_column width=\u00bb1\/1&#8243;][vc_row_inner limit_content=\u00bb\u00bb][vc_column_inner column_width_percent=\u00bb100&#8243; gutter_size=\u00bb3&#8243; overlay_alpha=\u00bb50&#8243; shift_x=\u00bb0&#8243; shift_y=\u00bb0&#8243; [&hellip;]","og_url":"https:\/\/old.prepareandprosper.org\/es\/preparacion-de-impuestos-gratuita\/preguntas-frecuentes\/","og_site_name":"Prepare + Prosper","article_modified_time":"2023-03-14T19:45:04+00:00","twitter_card":"summary_large_image","twitter_misc":{"Tiempo de lectura":"1 minuto"},"schema":{"@context":"https:\/\/schema.org","@graph":[{"@type":"WebPage","@id":"https:\/\/old.prepareandprosper.org\/es\/preparacion-de-impuestos-gratuita\/preguntas-frecuentes\/","url":"https:\/\/old.prepareandprosper.org\/es\/preparacion-de-impuestos-gratuita\/preguntas-frecuentes\/","name":"Preguntas Frecuentes - Prepare + Prosper","isPartOf":{"@id":"https:\/\/old.prepareandprosper.org\/es\/#website"},"datePublished":"2023-02-02T16:53:54+00:00","dateModified":"2023-03-14T19:45:04+00:00","breadcrumb":{"@id":"https:\/\/old.prepareandprosper.org\/es\/preparacion-de-impuestos-gratuita\/preguntas-frecuentes\/#breadcrumb"},"inLanguage":"es","potentialAction":[{"@type":"ReadAction","target":["https:\/\/old.prepareandprosper.org\/es\/preparacion-de-impuestos-gratuita\/preguntas-frecuentes\/"]}]},{"@type":"BreadcrumbList","@id":"https:\/\/old.prepareandprosper.org\/es\/preparacion-de-impuestos-gratuita\/preguntas-frecuentes\/#breadcrumb","itemListElement":[{"@type":"ListItem","position":1,"name":"Home","item":"https:\/\/old.prepareandprosper.org\/es\/"},{"@type":"ListItem","position":2,"name":"Preparaci\u00f3n de impuestos gratuita","item":"https:\/\/old.prepareandprosper.org\/es\/preparacion-de-impuestos-gratuita\/"},{"@type":"ListItem","position":3,"name":"Preguntas Frecuentes"}]},{"@type":"WebSite","@id":"https:\/\/old.prepareandprosper.org\/es\/#website","url":"https:\/\/old.prepareandprosper.org\/es\/","name":"Prepare + Prosper","description":"Financial Wellness for Everyone","potentialAction":[{"@type":"SearchAction","target":{"@type":"EntryPoint","urlTemplate":"https:\/\/old.prepareandprosper.org\/es\/?s={search_term_string}"},"query-input":{"@type":"PropertyValueSpecification","valueRequired":true,"valueName":"search_term_string"}}],"inLanguage":"es"}]}},"_links":{"self":[{"href":"https:\/\/old.prepareandprosper.org\/es\/wp-json\/wp\/v2\/pages\/72519","targetHints":{"allow":["GET"]}}],"collection":[{"href":"https:\/\/old.prepareandprosper.org\/es\/wp-json\/wp\/v2\/pages"}],"about":[{"href":"https:\/\/old.prepareandprosper.org\/es\/wp-json\/wp\/v2\/types\/page"}],"author":[{"embeddable":true,"href":"https:\/\/old.prepareandprosper.org\/es\/wp-json\/wp\/v2\/users\/31"}],"replies":[{"embeddable":true,"href":"https:\/\/old.prepareandprosper.org\/es\/wp-json\/wp\/v2\/comments?post=72519"}],"version-history":[{"count":0,"href":"https:\/\/old.prepareandprosper.org\/es\/wp-json\/wp\/v2\/pages\/72519\/revisions"}],"up":[{"embeddable":true,"href":"https:\/\/old.prepareandprosper.org\/es\/wp-json\/wp\/v2\/pages\/72505"}],"wp:attachment":[{"href":"https:\/\/old.prepareandprosper.org\/es\/wp-json\/wp\/v2\/media?parent=72519"}],"curies":[{"name":"wp","href":"https:\/\/api.w.org\/{rel}","templated":true}]}}