{"id":72514,"date":"2023-01-06T15:40:20","date_gmt":"2023-01-06T21:40:20","guid":{"rendered":"https:\/\/old.prepareandprosper.org\/preparacion-de-impuestos-gratuita\/programar-una-cita\/"},"modified":"2023-03-14T14:49:28","modified_gmt":"2023-03-14T19:49:28","slug":"programar-una-cita","status":"publish","type":"page","link":"https:\/\/old.prepareandprosper.org\/es\/preparacion-de-impuestos-gratuita\/programar-una-cita\/","title":{"rendered":"Programar Una Cita"},"content":{"rendered":"<section class=\"wpb-content-wrapper\"><p>[vc_row row_height_percent=\u00bb0&#8243; overlay_alpha=\u00bb50&#8243; gutter_size=\u00bb3&#8243; column_width_percent=\u00bb100&#8243; shift_y=\u00bb0&#8243; z_index=\u00bb0&#8243; el_class=\u00bbinternal-banner-row hero-row-banner\u00bb css=\u00bb.vc_custom_1673206429086{margin-bottom: 60px !important;}\u00bb uncode_shortcode_id=\u00bb746428&#8243;][vc_column width=\u00bb1\/1&#8243;][vc_row_inner limit_content=\u00bb\u00bb][vc_column_inner column_width_percent=\u00bb100&#8243; gutter_size=\u00bb3&#8243; overlay_alpha=\u00bb50&#8243; shift_x=\u00bb0&#8243; shift_y=\u00bb0&#8243; shift_y_down=\u00bb0&#8243; z_index=\u00bb0&#8243; medium_width=\u00bb4&#8243; mobile_width=\u00bb0&#8243; width=\u00bb5\/12&#8243;][vc_custom_heading heading_semantic=\u00bbh1&#8243; text_size=\u00bbh1&#8243; uncode_shortcode_id=\u00bb178984&#8243;]<span style=\"color: #00b0b8;\">PROGRAMAR UNA CITA<\/span>[\/vc_custom_heading][vc_column_text uncode_shortcode_id=\u00bb670447&#8243;]Dado que somos un programa de asistencia para la declaraci\u00f3n de impuestos proporcionado por voluntarios, dependemos de la ayuda de \u00e9llos para ofrecer este servicio gratuitamente a quienes son elegible. Por este motivo, s\u00f3lo concertamos citas con dos semanas de antelaci\u00f3n. Si nuestras citas est\u00e1n llenas, volveremos a abrir otra ronda de citas en el plazo de dos semanas. Gracias por su comprensi\u00f3n.<\/p>\n<p><strong>La pr\u00f3xima ronda de programaci\u00f3n se abrir\u00e1 el: LUNES 13 DE MARZO a las 10:00 horas.<\/strong>[\/vc_column_text][\/vc_column_inner][\/vc_row_inner][\/vc_column][\/vc_row][vc_row row_height_percent=\u00bb0&#8243; overlay_alpha=\u00bb50&#8243; gutter_size=\u00bb3&#8243; column_width_percent=\u00bb100&#8243; shift_y=\u00bb0&#8243; z_index=\u00bb0&#8243; desktop_visibility=\u00bbyes\u00bb][vc_column width=\u00bb1\/1&#8243;][vc_wp_custommenu nav_menu=\u00bb173&#8243; title=\u00bbNavegue por\u00bb el_class=\u00bbaccordion\u00bb][\/vc_column][\/vc_row][vc_row row_height_percent=\u00bb0&#8243; override_padding=\u00bbyes\u00bb h_padding=\u00bb2&#8243; top_padding=\u00bb2&#8243; bottom_padding=\u00bb2&#8243; back_color=\u00bbcolor-xsdn\u00bb overlay_alpha=\u00bb50&#8243; gutter_size=\u00bb3&#8243; column_width_percent=\u00bb100&#8243; shift_y=\u00bb0&#8243; z_index=\u00bb0&#8243; uncode_shortcode_id=\u00bb277607&#8243; back_color_type=\u00bbuncode-palette\u00bb][vc_column column_width_percent=\u00bb100&#8243; gutter_size=\u00bb3&#8243; overlay_alpha=\u00bb50&#8243; shift_x=\u00bb0&#8243; shift_y=\u00bb0&#8243; shift_y_down=\u00bb0&#8243; z_index=\u00bb0&#8243; medium_width=\u00bb0&#8243; mobile_width=\u00bb7&#8243; width=\u00bb2\/3&#8243;][vc_button button_color=\u00bbcolor-194120&#8243; size=\u00bbbtn-xl\u00bb border_width=\u00bb0&#8243; button_color_type=\u00bbuncode-palette\u00bb uncode_shortcode_id=\u00bb275159&#8243; link=\u00bburl:https%3A%2F%2Fapp.acuityscheduling.com%2Fschedule.php%3Fowner%3D16330247|target:_blank|\u00bb]Las citas est\u00e1n llenas. Para comprobar si hay plazas libres debido a cancelaciones, haga clic aqu\u00ed.[\/vc_button][vc_column_text uncode_shortcode_id=\u00bb400074&#8243;]<\/p>\n<h2><span style=\"color: #9560a7;\">CITAS PARA INDIVIDUALES + FAMILIAS<\/span><\/h2>\n<p>Por favor, s\u00f3lo programe una cita por persona. Si necesita cambiar o cancelar su cita, llame al 651-287-0187 y seleccione opci\u00f3n 3.<\/p>\n<p><strong><span style=\"color: #ff0000;\">No podemos ayudarle con su declaraci\u00f3n de impuestos si<\/span><\/strong> tiene ingresos por criptomoneda, ingresos por alquiler o si ha declarado bancarrota en el a\u00f1o fiscal que desea presentar. Tambi\u00e9n hay otras situaciones menos habituales en las que quiz\u00e1 no podamos ayudarle. Si no est\u00e1 seguro de que podamos ayudarle en su situaci\u00f3n, p\u00f3ngase en contacto con nuestra oficina llamando a 651-287-0187.<\/p>\n<p>Para que podamos preparar sus impuestos, debe tener todos sus documentos fiscales a mano. Consulte nuestra <a href=\"https:\/\/old.prepareandprosper.org\/es\/que-traer\/\" target=\"_blank\" rel=\"noopener\">lista de comprobaci\u00f3n de lo que debe traer<\/a> antes de programar su cita para asegurarse de que tiene todo lo que necesita para su cita.<\/p>\n<p>Para cualquier persona con m\u00e1s de $6,000 de ingresos por cuenta propia, consulte la siguiente informaci\u00f3n para programar una cita para trabajadores independientes.[\/vc_column_text][vc_column_text uncode_shortcode_id=\u00bb117204&#8243;]<\/p>\n<p style=\"text-align: center;\">*Nota: Si las citas est\u00e1n completas, vea si nuestro servicio <a href=\"https:\/\/old.prepareandprosper.org\/do-it-yourself-tax-prep-2\/\" target=\"_blank\" rel=\"noopener\">de preparaci\u00f3n de impuestos DIY<\/a> es adecuado para usted.<\/p>\n<p>[\/vc_column_text][vc_empty_space empty_h=\u00bb2&#8243;][\/vc_column][vc_column width=\u00bb1\/3&#8243;][vc_wp_custommenu nav_menu=\u00bb173&#8243; title=\u00bbRecursos\u00bb el_class=\u00bbtax-prep-subnav\u00bb][\/vc_column][\/vc_row][vc_row row_height_percent=\u00bb0&#8243; overlay_alpha=\u00bb50&#8243; equal_height=\u00bbyes\u00bb gutter_size=\u00bb4&#8243; column_width_percent=\u00bb100&#8243; shift_y=\u00bb0&#8243; z_index=\u00bb0&#8243; uncode_shortcode_id=\u00bb799019&#8243;][vc_column width=\u00bb1\/2&#8243;][vc_column_text css=\u00bb.vc_custom_1673206904833{margin-top: 50px !important;}\u00bb uncode_shortcode_id=\u00bb684746&#8243;]<\/p>\n<h2><span style=\"color: #ff9900;\">CITAS PARA TRABAJADORES INDEPENDIENTES<\/span><\/h2>\n<p>Preparamos impuestos para propietarios \u00fanicos, contratistas independientes y sociedades de responsabilidad limitada de un solo miembro. Si tiene empleados, no podemos hacer sus impuestos.<\/p>\n<p>Nota: S\u00f3lo los clientes aut\u00f3nomos que regresan pueden programar una cita en l\u00ednea, todos los dem\u00e1s tendr\u00e1n que llamar para programar una cita. Si eres un trabajador independiente y no te han preparado los impuestos en Prepare + Prosper desde 2018 o antes, tambi\u00e9n tendr\u00e1s que llamar al 651-262-2169 para programar una cita. Llame tambi\u00e9n a este n\u00famero si necesita anular o cambiar la cita.[\/vc_column_text][vc_button button_color=\u00bbcolor-571301&#8243; size=\u00bbbtn-xl\u00bb border_width=\u00bb0&#8243; button_color_type=\u00bbuncode-palette\u00bb uncode_shortcode_id=\u00bb195486&#8243; link=\u00bbtarget:_blank|\u00bb]Llame al 651-262-2169[\/vc_button][vc_button button_color=\u00bbcolor-571301&#8243; size=\u00bbbtn-xl\u00bb border_width=\u00bb0&#8243; button_color_type=\u00bbuncode-palette\u00bb uncode_shortcode_id=\u00bb182188&#8243; link=\u00bburl:https%3A%2F%2Fold.prepareandprosper.org%2Fes%2Fclinica-para-trabajadores-independientes%2F|\u00bb]Clientes que vuelven a trabajar por cuenta propia Haga clic aqu\u00ed[\/vc_button][vc_empty_space empty_h=\u00bb2&#8243;][\/vc_column][vc_column width=\u00bb1\/2&#8243;][vc_column_text css=\u00bb.vc_custom_1673974005668{margin-top: 50px !important;}\u00bb uncode_shortcode_id=\u00bb223464&#8243;]<\/p>\n<h2><span style=\"color: #00b0b8;\">\u00daNICAMENTE para el cr\u00e9dito de alquiler o la declaraci\u00f3n del impuesto sobre bienes inmuebles<\/span><\/h2>\n<p>Programaremos M1PR-<em><strong>s\u00f3lo<\/strong><\/em> citas de presentaci\u00f3n durante toda la temporada para los servicios en abril. Citas <em><strong>no<\/strong><\/em> y se celebrar\u00e1n una vez finalizado el plazo de presentaci\u00f3n de solicitudes.<\/p>\n<p>&nbsp;<\/p>\n<p>Si usted necesita presentar un 2022 M1PR, y se siente c\u00f3modo trabajando con software en l\u00ednea, otra opci\u00f3n es considerar el uso de nuestra preparaci\u00f3n de impuestos Do-It-Yourself para ayudarle a presentar para el impuesto a la propiedad o el cr\u00e9dito fiscal para inquilinos por su cuenta. Desde nuestra p\u00e1gina DIY, se le dar\u00e1n instrucciones para acceder al programa, y podr\u00e1 hacer preguntas si tiene problemas para presentar el formulario usted mismo. Este formulario debe presentarse antes del 15 de agosto de 2023. Los cr\u00e9ditos y reembolsos comenzar\u00e1n a emitirse en julio.[\/vc_column_text][vc_button button_color=\u00bbcolor-132540&#8243; size=\u00bbbtn-xl\u00bb border_width=\u00bb0&#8243; button_color_type=\u00bbuncode-palette\u00bb uncode_shortcode_id=\u00bb188166&#8243; link=\u00bburl:https%3A%2F%2Fold.prepareandprosper.org%2Fdo-it-yourself-tax-prep%2F|target:_blank|\u00bb el_class=\u00bbcenter\u00bb]Ll\u00e9vame a la p\u00e1gina de bricolaje[\/vc_button][vc_empty_space empty_h=\u00bb3&#8243;][\/vc_column][\/vc_row][vc_row][vc_column width=\u00bb5\/6&#8243;][vc_custom_heading uncode_shortcode_id=\u00bb652833&#8243;]<\/p>\n<h4 style=\"text-align: center;\"><span style=\"color: #808080;\"><strong>emplazamientos fiscales 2023<\/strong><\/span><\/h4>\n<p>[\/vc_custom_heading][\/vc_column][vc_column width=\u00bb1\/6&#8243;][\/vc_column][\/vc_row][vc_row][vc_column width=\u00bb1\/4&#8243;][vc_single_image media=\u00bb72181&#8243; media_width_percent=\u00bb100&#8243; border=\u00bbyes\u00bb uncode_shortcode_id=\u00bb179530&#8243;][\/vc_column][vc_column width=\u00bb1\/4&#8243;][vc_column_text uncode_shortcode_id=\u00bb506189&#8243;]<strong>AMERICAN INDIAN OIC<\/strong><\/p>\n<p>1845 E Franklin Ave<br \/>\nMinneapolis, MN 55404<\/p>\n<p>Aparcamiento disponible delante del edificio.[\/vc_column_text][\/vc_column][vc_column width=\u00bb1\/4&#8243;][vc_single_image media=\u00bb72183&#8243; media_width_percent=\u00bb100&#8243; border=\u00bbyes\u00bb uncode_shortcode_id=\u00bb211938&#8243;][\/vc_column][vc_column width=\u00bb1\/4&#8243;][vc_column_text uncode_shortcode_id=\u00bb628906&#8243;]<strong>CAPI<\/strong><\/p>\n<p>5930 Brooklyn Boulevard<br \/>\nMinneapolis, MN 55429<\/p>\n<p>Aparcamiento disponible en el edificio.[\/vc_column_text][\/vc_column][\/vc_row][vc_row][vc_column width=\u00bb1\/4&#8243;][vc_single_image media=\u00bb72182&#8243; media_width_percent=\u00bb100&#8243; border=\u00bbyes\u00bb uncode_shortcode_id=\u00bb693094&#8243;][\/vc_column][vc_column width=\u00bb1\/4&#8243;][vc_column_text uncode_shortcode_id=\u00bb173611&#8243;]<strong>SERVICIOS VECINALES DE LA ZONA ESTE<\/strong><\/p>\n<p>1700 NE 2nd Street<br \/>\nMinneapolis, MN 55413<\/p>\n<p>Aparcamiento disponible:[\/vc_column_text][\/vc_column][vc_column width=\u00bb1\/4&#8243;][vc_single_image media=\u00bb72184&#8243; media_width_percent=\u00bb100&#8243; border=\u00bbyes\u00bb uncode_shortcode_id=\u00bb206591&#8243;][\/vc_column][vc_column width=\u00bb1\/4&#8243;][vc_column_text uncode_shortcode_id=\u00bb108251&#8243;]<strong>CENTRO COMUNITARIO HALLIE Q. BROWN<\/strong><\/p>\n<p>270 N Kent Street<br \/>\nSaint Paul, MN 55102<\/p>\n<p>Aparcamiento en la parte delantera del edificio.[\/vc_column_text][\/vc_column][\/vc_row][vc_row][vc_column width=\u00bb1\/4&#8243;][vc_single_image media=\u00bb72185&#8243; media_width_percent=\u00bb100&#8243; uncode_shortcode_id=\u00bb284762&#8243;][\/vc_column][vc_column width=\u00bb1\/4&#8243;][vc_column_text uncode_shortcode_id=\u00bb125010&#8243;]<strong>SERVICIOS COMUNITARIOS DE MERRICK<\/strong><\/p>\n<p>1669 Arcade Street, Suite 4<br \/>\nSaint Paul, MN 55106<\/p>\n<p>Aparcamiento frente a la entrada del edificio.[\/vc_column_text][\/vc_column][vc_column width=\u00bb1\/4&#8243;][vc_single_image media=\u00bb72187&#8243; media_width_percent=\u00bb100&#8243; uncode_shortcode_id=\u00bb167666&#8243;][\/vc_column][vc_column width=\u00bb1\/4&#8243;][vc_column_text uncode_shortcode_id=\u00bb107786&#8243;]<strong>OFICINA PRINCIPAL DE PREPARE + PROSPER<\/strong><\/p>\n<p>2610 University Ave. SE, Nivel inferior<br \/>\nSaint Paul, MN 55114<\/p>\n<p>Aparcamiento gatito esquina sur al otro lado de la calle.<br \/>\nEl c\u00f3digo de la puerta es 1040#.[\/vc_column_text][\/vc_column][\/vc_row][vc_row][vc_column width=\u00bb1\/4&#8243;][vc_single_image media=\u00bb72188&#8243; media_width_percent=\u00bb100&#8243; uncode_shortcode_id=\u00bb194017&#8243;][\/vc_column][vc_column width=\u00bb1\/4&#8243;][vc_column_text uncode_shortcode_id=\u00bb255134&#8243;]<strong>VEAP (VOLUNTARIOS ALISTADOS PARA AYUDAR A LAS PERSONAS )<\/strong><\/p>\n<p>9600 Aldrich Ave S.<br \/>\nBloomington, MN 55420<\/p>\n<p>Aparcamiento disponible en la parte delantera y al oeste del edificio.[\/vc_column_text][\/vc_column][vc_column width=\u00bb1\/4&#8243;][vc_single_image media=\u00bb72189&#8243; media_width_percent=\u00bb100&#8243; uncode_shortcode_id=\u00bb154550&#8243;][\/vc_column][vc_column width=\u00bb1\/4&#8243;][vc_column_text uncode_shortcode_id=\u00bb145877&#8243;]<strong>LIGA URBANA DE LAS DOS CIUDADES<\/strong><\/p>\n<p>2100 Plymouth Avenue North<br \/>\nMinneapolis, MN 55411<\/p>\n<p>Aparcamiento fuera de Plymouth junto al edificio o al otro lado de la calle[\/vc_column_text][\/vc_column][\/vc_row]<\/p>\n<\/section>","protected":false},"excerpt":{"rendered":"<p>[vc_row row_height_percent=\u00bb0&#8243; overlay_alpha=\u00bb50&#8243; gutter_size=\u00bb3&#8243; column_width_percent=\u00bb100&#8243; shift_y=\u00bb0&#8243; z_index=\u00bb0&#8243; el_class=\u00bbinternal-banner-row hero-row-banner\u00bb css=\u00bb.vc_custom_1673206429086{margin-bottom: 60px !important;}\u00bb uncode_shortcode_id=\u00bb746428&#8243;][vc_column width=\u00bb1\/1&#8243;][vc_row_inner limit_content=\u00bb\u00bb][vc_column_inner column_width_percent=\u00bb100&#8243; gutter_size=\u00bb3&#8243; overlay_alpha=\u00bb50&#8243; shift_x=\u00bb0&#8243; shift_y=\u00bb0&#8243; [&hellip;]<\/p>\n","protected":false},"author":28,"featured_media":0,"parent":72505,"menu_order":2,"comment_status":"closed","ping_status":"closed","template":"","meta":{"_monsterinsights_skip_tracking":false,"_monsterinsights_sitenote_active":false,"_monsterinsights_sitenote_note":"","_monsterinsights_sitenote_category":0,"footnotes":""},"class_list":["post-72514","page","type-page","status-publish","hentry"],"yoast_head":"<!-- This site is optimized with the Yoast SEO plugin v25.9 - https:\/\/yoast.com\/wordpress\/plugins\/seo\/ -->\n<title>Programar Una Cita - Prepare + Prosper<\/title>\n<meta name=\"robots\" content=\"noindex, follow, max-snippet:-1, max-image-preview:large, max-video-preview:-1\" \/>\n<meta property=\"og:locale\" content=\"es_ES\" \/>\n<meta property=\"og:type\" content=\"article\" \/>\n<meta property=\"og:title\" content=\"Programar Una Cita - Prepare + Prosper\" \/>\n<meta property=\"og:description\" content=\"[vc_row row_height_percent=\u00bb0&#8243; overlay_alpha=\u00bb50&#8243; gutter_size=\u00bb3&#8243; column_width_percent=\u00bb100&#8243; shift_y=\u00bb0&#8243; z_index=\u00bb0&#8243; el_class=\u00bbinternal-banner-row hero-row-banner\u00bb css=\u00bb.vc_custom_1673206429086{margin-bottom: 60px !important;}\u00bb uncode_shortcode_id=\u00bb746428&#8243;][vc_column width=\u00bb1\/1&#8243;][vc_row_inner limit_content=\u00bb\u00bb][vc_column_inner column_width_percent=\u00bb100&#8243; gutter_size=\u00bb3&#8243; overlay_alpha=\u00bb50&#8243; shift_x=\u00bb0&#8243; shift_y=\u00bb0&#8243; [&hellip;]\" \/>\n<meta property=\"og:url\" content=\"https:\/\/old.prepareandprosper.org\/es\/preparacion-de-impuestos-gratuita\/programar-una-cita\/\" \/>\n<meta property=\"og:site_name\" content=\"Prepare + Prosper\" \/>\n<meta property=\"article:modified_time\" content=\"2023-03-14T19:49:28+00:00\" \/>\n<meta name=\"twitter:card\" content=\"summary_large_image\" \/>\n<meta name=\"twitter:label1\" content=\"Tiempo de lectura\" \/>\n\t<meta name=\"twitter:data1\" content=\"4 minutos\" \/>\n<script type=\"application\/ld+json\" class=\"yoast-schema-graph\">{\"@context\":\"https:\/\/schema.org\",\"@graph\":[{\"@type\":\"WebPage\",\"@id\":\"https:\/\/old.prepareandprosper.org\/es\/preparacion-de-impuestos-gratuita\/programar-una-cita\/\",\"url\":\"https:\/\/old.prepareandprosper.org\/es\/preparacion-de-impuestos-gratuita\/programar-una-cita\/\",\"name\":\"Programar Una Cita - Prepare + Prosper\",\"isPartOf\":{\"@id\":\"https:\/\/old.prepareandprosper.org\/es\/#website\"},\"datePublished\":\"2023-01-06T21:40:20+00:00\",\"dateModified\":\"2023-03-14T19:49:28+00:00\",\"breadcrumb\":{\"@id\":\"https:\/\/old.prepareandprosper.org\/es\/preparacion-de-impuestos-gratuita\/programar-una-cita\/#breadcrumb\"},\"inLanguage\":\"es\",\"potentialAction\":[{\"@type\":\"ReadAction\",\"target\":[\"https:\/\/old.prepareandprosper.org\/es\/preparacion-de-impuestos-gratuita\/programar-una-cita\/\"]}]},{\"@type\":\"BreadcrumbList\",\"@id\":\"https:\/\/old.prepareandprosper.org\/es\/preparacion-de-impuestos-gratuita\/programar-una-cita\/#breadcrumb\",\"itemListElement\":[{\"@type\":\"ListItem\",\"position\":1,\"name\":\"Home\",\"item\":\"https:\/\/old.prepareandprosper.org\/es\/\"},{\"@type\":\"ListItem\",\"position\":2,\"name\":\"Preparaci\u00f3n de impuestos gratuita\",\"item\":\"https:\/\/old.prepareandprosper.org\/es\/preparacion-de-impuestos-gratuita\/\"},{\"@type\":\"ListItem\",\"position\":3,\"name\":\"Programar Una Cita\"}]},{\"@type\":\"WebSite\",\"@id\":\"https:\/\/old.prepareandprosper.org\/es\/#website\",\"url\":\"https:\/\/old.prepareandprosper.org\/es\/\",\"name\":\"Prepare + Prosper\",\"description\":\"Financial Wellness for Everyone\",\"potentialAction\":[{\"@type\":\"SearchAction\",\"target\":{\"@type\":\"EntryPoint\",\"urlTemplate\":\"https:\/\/old.prepareandprosper.org\/es\/?s={search_term_string}\"},\"query-input\":{\"@type\":\"PropertyValueSpecification\",\"valueRequired\":true,\"valueName\":\"search_term_string\"}}],\"inLanguage\":\"es\"}]}<\/script>\n<!-- \/ Yoast SEO plugin. -->","yoast_head_json":{"title":"Programar Una Cita - Prepare + Prosper","robots":{"index":"noindex","follow":"follow","max-snippet":"max-snippet:-1","max-image-preview":"max-image-preview:large","max-video-preview":"max-video-preview:-1"},"og_locale":"es_ES","og_type":"article","og_title":"Programar Una Cita - Prepare + Prosper","og_description":"[vc_row row_height_percent=\u00bb0&#8243; overlay_alpha=\u00bb50&#8243; gutter_size=\u00bb3&#8243; column_width_percent=\u00bb100&#8243; shift_y=\u00bb0&#8243; z_index=\u00bb0&#8243; el_class=\u00bbinternal-banner-row hero-row-banner\u00bb css=\u00bb.vc_custom_1673206429086{margin-bottom: 60px !important;}\u00bb uncode_shortcode_id=\u00bb746428&#8243;][vc_column width=\u00bb1\/1&#8243;][vc_row_inner limit_content=\u00bb\u00bb][vc_column_inner column_width_percent=\u00bb100&#8243; gutter_size=\u00bb3&#8243; overlay_alpha=\u00bb50&#8243; shift_x=\u00bb0&#8243; shift_y=\u00bb0&#8243; [&hellip;]","og_url":"https:\/\/old.prepareandprosper.org\/es\/preparacion-de-impuestos-gratuita\/programar-una-cita\/","og_site_name":"Prepare + Prosper","article_modified_time":"2023-03-14T19:49:28+00:00","twitter_card":"summary_large_image","twitter_misc":{"Tiempo de lectura":"4 minutos"},"schema":{"@context":"https:\/\/schema.org","@graph":[{"@type":"WebPage","@id":"https:\/\/old.prepareandprosper.org\/es\/preparacion-de-impuestos-gratuita\/programar-una-cita\/","url":"https:\/\/old.prepareandprosper.org\/es\/preparacion-de-impuestos-gratuita\/programar-una-cita\/","name":"Programar Una Cita - Prepare + Prosper","isPartOf":{"@id":"https:\/\/old.prepareandprosper.org\/es\/#website"},"datePublished":"2023-01-06T21:40:20+00:00","dateModified":"2023-03-14T19:49:28+00:00","breadcrumb":{"@id":"https:\/\/old.prepareandprosper.org\/es\/preparacion-de-impuestos-gratuita\/programar-una-cita\/#breadcrumb"},"inLanguage":"es","potentialAction":[{"@type":"ReadAction","target":["https:\/\/old.prepareandprosper.org\/es\/preparacion-de-impuestos-gratuita\/programar-una-cita\/"]}]},{"@type":"BreadcrumbList","@id":"https:\/\/old.prepareandprosper.org\/es\/preparacion-de-impuestos-gratuita\/programar-una-cita\/#breadcrumb","itemListElement":[{"@type":"ListItem","position":1,"name":"Home","item":"https:\/\/old.prepareandprosper.org\/es\/"},{"@type":"ListItem","position":2,"name":"Preparaci\u00f3n de impuestos gratuita","item":"https:\/\/old.prepareandprosper.org\/es\/preparacion-de-impuestos-gratuita\/"},{"@type":"ListItem","position":3,"name":"Programar Una Cita"}]},{"@type":"WebSite","@id":"https:\/\/old.prepareandprosper.org\/es\/#website","url":"https:\/\/old.prepareandprosper.org\/es\/","name":"Prepare + Prosper","description":"Financial Wellness for Everyone","potentialAction":[{"@type":"SearchAction","target":{"@type":"EntryPoint","urlTemplate":"https:\/\/old.prepareandprosper.org\/es\/?s={search_term_string}"},"query-input":{"@type":"PropertyValueSpecification","valueRequired":true,"valueName":"search_term_string"}}],"inLanguage":"es"}]}},"_links":{"self":[{"href":"https:\/\/old.prepareandprosper.org\/es\/wp-json\/wp\/v2\/pages\/72514","targetHints":{"allow":["GET"]}}],"collection":[{"href":"https:\/\/old.prepareandprosper.org\/es\/wp-json\/wp\/v2\/pages"}],"about":[{"href":"https:\/\/old.prepareandprosper.org\/es\/wp-json\/wp\/v2\/types\/page"}],"author":[{"embeddable":true,"href":"https:\/\/old.prepareandprosper.org\/es\/wp-json\/wp\/v2\/users\/28"}],"replies":[{"embeddable":true,"href":"https:\/\/old.prepareandprosper.org\/es\/wp-json\/wp\/v2\/comments?post=72514"}],"version-history":[{"count":0,"href":"https:\/\/old.prepareandprosper.org\/es\/wp-json\/wp\/v2\/pages\/72514\/revisions"}],"up":[{"embeddable":true,"href":"https:\/\/old.prepareandprosper.org\/es\/wp-json\/wp\/v2\/pages\/72505"}],"wp:attachment":[{"href":"https:\/\/old.prepareandprosper.org\/es\/wp-json\/wp\/v2\/media?parent=72514"}],"curies":[{"name":"wp","href":"https:\/\/api.w.org\/{rel}","templated":true}]}}