{"id":72488,"date":"2023-01-09T10:04:20","date_gmt":"2023-01-09T16:04:20","guid":{"rendered":"https:\/\/old.prepareandprosper.org\/clinica-para-trabajadores-independientes\/"},"modified":"2023-08-21T14:40:44","modified_gmt":"2023-08-21T19:40:44","slug":"clinica-para-trabajadores-independientes","status":"publish","type":"page","link":"https:\/\/old.prepareandprosper.org\/es\/preparacion-de-impuestos-gratuita\/clinica-para-trabajadores-independientes\/","title":{"rendered":"Cl\u00ednica Para Trabajadores Independientes"},"content":{"rendered":"<section class=\"wpb-content-wrapper\"><p>[vc_row row_height_percent=\u00bb0&#8243; override_padding=\u00bbyes\u00bb h_padding=\u00bb2&#8243; top_padding=\u00bb2&#8243; bottom_padding=\u00bb1&#8243; overlay_alpha=\u00bb50&#8243; gutter_size=\u00bb3&#8243; column_width_percent=\u00bb100&#8243; shift_y=\u00bb0&#8243; z_index=\u00bb0&#8243; el_class=\u00bbinternal-banner-row hero-row-banner\u00bb css=\u00bb.vc_custom_1673032367181{margin-bottom: 60px !important;}\u00bb uncode_shortcode_id=\u00bb149656&#8243;][vc_column width=\u00bb1\/1&#8243;][vc_row_inner limit_content=\u00bb\u00bb][vc_column_inner column_width_percent=\u00bb100&#8243; gutter_size=\u00bb3&#8243; overlay_alpha=\u00bb50&#8243; shift_x=\u00bb0&#8243; shift_y=\u00bb0&#8243; shift_y_down=\u00bb0&#8243; z_index=\u00bb0&#8243; medium_width=\u00bb4&#8243; mobile_width=\u00bb0&#8243; width=\u00bb5\/12&#8243;][vc_custom_heading heading_semantic=\u00bbh1&#8243; text_size=\u00bbh1&#8243; uncode_shortcode_id=\u00bb200721&#8243;]Cl\u00ednica Para Trabajadores Independientes[\/vc_custom_heading][vc_separator sep_color=\u00bbcolor-571301&#8243; type=\u00bbdotted\u00bb el_width=\u00bb100px\u00bb el_height=\u00bb7&#8243; el_class=\u00bbdivider-orange\u00bb][vc_column_text uncode_shortcode_id=\u00bb212004&#8243;]\u00bfGan\u00f3 m\u00e1s de $6,000 por trabajo independiente o por contrato? \u00bfSus ingresos brutos totales eran iguales o inferiores a $55,000? Si es as\u00ed, tenemos una cl\u00ednica gratuita de preparaci\u00f3n de impuestos especializada trabajadores independientes. Se encuentra en nuestra oficina principal y est\u00e1 disponible con cita previa.[\/vc_column_text][\/vc_column_inner][vc_column_inner width=\u00bb7\/12&#8243;][vc_single_image media=\u00bb72157&#8243; media_width_percent=\u00bb100&#8243; uncode_shortcode_id=\u00bb130109&#8243;][\/vc_column_inner][\/vc_row_inner][\/vc_column][\/vc_row][vc_row row_height_percent=\u00bb0&#8243; override_padding=\u00bbyes\u00bb h_padding=\u00bb2&#8243; top_padding=\u00bb1&#8243; bottom_padding=\u00bb1&#8243; back_color=\u00bbcolor-194120&#8243; overlay_alpha=\u00bb50&#8243; gutter_size=\u00bb3&#8243; column_width_percent=\u00bb100&#8243; shift_y=\u00bb0&#8243; z_index=\u00bb0&#8243; uncode_shortcode_id=\u00bb153237&#8243; back_color_type=\u00bbuncode-palette\u00bb][vc_column width=\u00bb1\/1&#8243;][vc_custom_heading text_color=\u00bbcolor-lxmt\u00bb heading_semantic=\u00bbh5&#8243; text_size=\u00bb\u00bb uncode_shortcode_id=\u00bb200534&#8243; text_color_type=\u00bbuncode-palette\u00bb el_class=\u00bbheading-centered\u00bb]Self-Employment appointments are available throughout the summer![\/vc_custom_heading][\/vc_column][\/vc_row][vc_row row_height_percent=\u00bb10&#8243; override_padding=\u00bbyes\u00bb h_padding=\u00bb0&#8243; top_padding=\u00bb0&#8243; bottom_padding=\u00bb0&#8243; back_image=\u00bb72113&#8243; parallax=\u00bbyes\u00bb overlay_alpha=\u00bb50&#8243; gutter_size=\u00bb3&#8243; column_width_percent=\u00bb100&#8243; shift_y=\u00bb0&#8243; z_index=\u00bb0&#8243; uncode_shortcode_id=\u00bb282120&#8243;][vc_column width=\u00bb1\/1&#8243;][\/vc_column][\/vc_row][vc_row row_height_percent=\u00bb0&#8243; override_padding=\u00bbyes\u00bb h_padding=\u00bb2&#8243; top_padding=\u00bb3&#8243; bottom_padding=\u00bb2&#8243; overlay_alpha=\u00bb50&#8243; gutter_size=\u00bb3&#8243; column_width_percent=\u00bb100&#8243; shift_y=\u00bb0&#8243; z_index=\u00bb0&#8243; uncode_shortcode_id=\u00bb566814&#8243;][vc_column width=\u00bb1\/2&#8243;][vc_custom_heading uncode_shortcode_id=\u00bb164198&#8243;]C\u00f3mo programar una cita[\/vc_custom_heading][vc_column_text uncode_shortcode_id=\u00bb120225&#8243;]We\u2019re busy doing taxes year-round and appointments fill up fast. We open appointment slots 2 weeks in advance and start scheduling for our summer clinics on May 30th.[\/vc_column_text][vc_column_text border_style=\u00bbsolid\u00bb uncode_shortcode_id=\u00bb209527&#8243;]Note: All Self- Employment appointments take place at our main office. Please allow for about 2-4 hours to have your taxes completed.[\/vc_column_text][vc_column_text uncode_shortcode_id=\u00bb125274&#8243;]You can schedule your appointment online or over the phone. Call our Self-Employment line at (651) 262-2169 or click the button below to schedule.[\/vc_column_text][vc_button border_width=\u00bb0&#8243; link=\u00bburl:https%3A%2F%2Fform.jotform.com%2F231416908944058|target:_blank|\u00bb uncode_shortcode_id=\u00bb102481&#8243;]Schedule Online[\/vc_button][\/vc_column][vc_column width=\u00bb1\/2&#8243;][vc_empty_space empty_h=\u00bb1&#8243;][vc_single_image media=\u00bb72187&#8243; media_width_percent=\u00bb100&#8243; uncode_shortcode_id=\u00bb182800&#8243;][\/vc_column][\/vc_row][vc_row][vc_column width=\u00bb1\/2&#8243;][vc_column_text uncode_shortcode_id=\u00bb841063&#8243;]<\/p>\n<h2><strong>Elegibilidad<\/strong><\/h2>\n<ul>\n<li>Ingresos anuales totales de la unidad familiar iguales o inferiores a 55.000 $ (ingresos brutos de <u>todas las<\/u> fuentes).<\/li>\n<li>S\u00f3lo empresarios individuales, contratistas independientes y sociedades unipersonales de responsabilidad limitada.<\/li>\n<li>Nosotros <strong><u>no<\/u><\/strong> preparamos declaraciones para corporaciones, sociedades, negocios con empleados, taxistas, cl\u00e9rigos, comerciantes del d\u00eda, declaraciones con ingresos de propiedades alquiladas incluyendo inquilinos en su casa, o declaraciones con cualquier transacci\u00f3n de criptomoneda.<br \/>\n<h6><strong>Si sus ingresos como trabajador independiente fueron inferiores a $6,000 <\/strong><\/h6>\n<p>Puede programar cita con el programa de impuestos regulares en nuestra oficina principal. La \u00fanica excepci\u00f3n es si ten\u00eda una oficina o administro una guarder\u00eda en casa.<\/li>\n<\/ul>\n<p>[\/vc_column_text][\/vc_column][vc_column width=\u00bb1\/2&#8243;][vc_custom_heading uncode_shortcode_id=\u00bb184114&#8243;]<b>ES TU NEGOCIO, HAZTE CARGO<\/b>[\/vc_custom_heading][vc_column_text uncode_shortcode_id=\u00bb105296&#8243;]<\/p>\n<p class=\"x_MsoNormal\">Como trabajador independiente usted es propietario de una peque\u00f1a empresa. Estamos aqu\u00ed para ayudarle a comprender y cumplir sus obligaciones fiscales. Tambi\u00e9n podemos ayudarle a organizarse antes de su cita si llama a nuestra l\u00ednea para trabajadores independientes. Durante su cita, le informaremos sobre los recursos que pueden ayudarle a hacer crecer su negocio.<\/p>\n<p>[\/vc_column_text][vc_single_image media=\u00bb72091&#8243; media_width_percent=\u00bb100&#8243; uncode_shortcode_id=\u00bb500142&#8243;][\/vc_column][\/vc_row][vc_row][vc_column width=\u00bb5\/6&#8243;][vc_column_text uncode_shortcode_id=\u00bb212219&#8243;]<\/p>\n<h2><strong>Qu\u00e9 necesita para su cita fiscal:<\/strong><\/h2>\n<p>Nuestro Organizador del Impuesto sobre el Trabajo Independiente (SETO) se basa en <strong><em>Anexo C, Ganancias o P\u00e9rdidas de un Negocio o Servicio<\/em><\/strong><em>.<\/em> Utilice esta herramienta para registrar sus ingresos y gastos de su trabajo por cuenta propia.<\/p>\n<ul>\n<li><a href=\"https:\/\/old.prepareandprosper.org\/es\/herramientas-de-impuestos-para-clientes\/\" rel=\"noopener\"><strong>El SETO<\/strong> <strong><u>debe ser completado antes de su cita. <\/u><\/strong> <\/a><u><\/u><\/li>\n<li>Documento de identidad con fotograf\u00eda del contribuyente (y del c\u00f3nyuge si la declaraci\u00f3n es conjunta). Ambos c\u00f3nyuges deben participar en el proceso para una declaraci\u00f3n conjunta.<\/li>\n<li>Tarjeta de Seguro Social o tarjeta\/carta del n\u00famero de identificaci\u00f3n individual del contribuyente (ITIN) de todas las personas que figuran en la declaraci\u00f3n.<\/li>\n<li>Fecha de nacimiento de todas las personas que figuran en la declaraci\u00f3n.<\/li>\n<li>Declaraciones formularios: W-2, 1099-NEC, 1099-K, o cualquier otro documento fiscal.<\/li>\n<li>Copia de la declaraci\u00f3n del a\u00f1o anterior &#8211; esto es importante para los contribuyentes aut\u00f3nomos, ya que puede haber necesitado informaci\u00f3n sobre el negocio o servicio necesario para la declaraci\u00f3n de este a\u00f1o.<\/li>\n<li>Para el dep\u00f3sito directo o el d\u00e9bito directo: informaci\u00f3n sobre la ruta y la cuenta.<\/li>\n<\/ul>\n<p>[\/vc_column_text][vc_column_text uncode_shortcode_id=\u00bb737506&#8243;]<strong>Debemos tener una prueba<\/strong> de su n\u00famero de la Seguridad Social (y de todos los dem\u00e1s que figuran en la declaraci\u00f3n) mediante una tarjeta de la Seguridad Social, una imagen digital de la misma, una declaraci\u00f3n del a\u00f1o anterior o un documento de Hacienda o de la Administraci\u00f3n de la Seguridad Social.<\/p>\n<p><strong>No es necesario que lleve<\/strong> los justificantes a la cita: Facturas, recibos, extractos bancarios o de tarjetas de cr\u00e9dito y registros de kilometraje, pero gu\u00e1rdelos para su archivo.[\/vc_column_text][\/vc_column][vc_column width=\u00bb1\/6&#8243;][vc_empty_space empty_h=\u00bb1&#8243;][vc_empty_space empty_h=\u00bb1&#8243;][vc_single_image media=\u00bb72116&#8243; media_width_percent=\u00bb65&#8243; uncode_shortcode_id=\u00bb136925&#8243;][vc_single_image media=\u00bb71163&#8243; media_width_percent=\u00bb65&#8243; uncode_shortcode_id=\u00bb190260&#8243;][vc_single_image media=\u00bb71300&#8243; media_width_percent=\u00bb65&#8243; uncode_shortcode_id=\u00bb121442&#8243;][\/vc_column][\/vc_row][vc_row][vc_column width=\u00bb1\/2&#8243;][vc_column_text uncode_shortcode_id=\u00bb117871&#8243;]<\/p>\n<h2><strong>Rellenar el formulario SETO<\/strong><\/h2>\n<p><strong>Puede descargar e imprimir el formulario SETO y la hoja informativa que lo acompa\u00f1a, una gu\u00eda que le ayudar\u00e1 a rellenarlo. <\/strong>Tambi\u00e9n hay otras herramientas disponibles, como registros de kilometraje, hojas de c\u00e1lculo de ingresos y gastos y consejos para realizar pagos estimados de impuestos.<\/p>\n<ul>\n<li>Rellene el organizador s\u00f3lo con sus ingresos y gastos de aut\u00f3nomo. El organizador tiene diferentes secciones y no todas se aplican a su empresa en particular. Utilice importes reales; no redondee. No anote los ingresos de los W-2 en el organizador<\/li>\n<li>Si no encuentra una categor\u00eda para un gasto, no dude en escribirlo en la categor\u00eda \u00ab<strong>otros<\/strong>\u00bb e identificar de qu\u00e9 se trata.<\/li>\n<\/ul>\n<p>[\/vc_column_text][vc_custom_heading uncode_shortcode_id=\u00bb524546&#8243;]Informaci\u00f3n de contacto[\/vc_custom_heading][vc_column_text uncode_shortcode_id=\u00bb129413&#8243;]<strong>L\u00ednea De Trabajadores Independientes<\/strong><br \/>\n651-262-2169<\/p>\n<p><strong>Patrick Evans<\/strong><br \/>\nResponsable de Programas Fiscales Especiales<br \/>\n<a href=\"mailto:patrick@old.prepareandprosper.org\">patrick@old.prepareandprosper.org<\/a><br \/>\n651-262-2159<\/p>\n<p><strong>Nota<\/strong>: Si necesita venir a nuestra oficina, el aparcamiento est\u00e1 situado en diagonal frente al edificio. Utilice el c\u00f3digo de acceso 1040# para entrar en el lote.[\/vc_column_text][\/vc_column][vc_column column_width_percent=\u00bb100&#8243; gutter_size=\u00bb3&#8243; overlay_alpha=\u00bb50&#8243; shift_x=\u00bb0&#8243; shift_y=\u00bb0&#8243; shift_y_down=\u00bb0&#8243; z_index=\u00bb0&#8243; medium_width=\u00bb0&#8243; mobile_width=\u00bb0&#8243; width=\u00bb1\/2&#8243; uncode_shortcode_id=\u00bb952626&#8243; css=\u00bb.vc_custom_1673477733489{border-top-width: 0px !important;}\u00bb][vc_single_image media=\u00bb72089&#8243; media_width_percent=\u00bb100&#8243; uncode_shortcode_id=\u00bb141098&#8243;][vc_column_text text_color=\u00bbcolor-194120&#8243; border_color=\u00bbcolor-836091&#8243; uncode_shortcode_id=\u00bb188808&#8243; text_color_type=\u00bbuncode-palette\u00bb border_color_type=\u00bbuncode-palette\u00bb css=\u00bb.vc_custom_1692644835342{margin-right: 3px !important;margin-left: 3px !important;padding-top: 10px !important;padding-right: 10px !important;padding-bottom: 10px !important;padding-left: 10px !important;}\u00bb]<\/p>\n<h3>Self-Employment Customer Tax Tools<\/h3>\n<ul>\n<li><a href=\"https:\/\/old.prepareandprosper.org\/wp-content\/uploads\/2023\/05\/SETO-Tax-Year-2022-fillable.pdf\">SETO Tax Year 2022<\/a><\/li>\n<li><a href=\"https:\/\/old.prepareandprosper.org\/wp-content\/uploads\/2023\/01\/SETO-Cheat-Sheet-Tax-Year-2022.pdf\" target=\"_blank\" rel=\"noopener\">SETO Cheat Sheet Tax Year 2022<\/a><\/li>\n<li><a href=\"https:\/\/old.prepareandprosper.org\/wp-content\/uploads\/2023\/05\/SETO-Spanish-TY-2022-fillable.pdf\">SETO Spanish TY 2022<\/a><\/li>\n<li><a href=\"https:\/\/old.prepareandprosper.org\/wp-content\/uploads\/2023\/01\/SETO-Spanish-Cheat-Sheet-TY-2022.pdf\" target=\"_blank\" rel=\"noopener\">SETO Spanish Cheat Sheet TY 2022<\/a><\/li>\n<li><a href=\"https:\/\/old.prepareandprosper.org\/wp-content\/uploads\/2023\/05\/Day-Care-SETO-Tax-Year-2022-fillable.pdf\">Day Care SETO Tax Year 2022<\/a><\/li>\n<li><a href=\"https:\/\/old.prepareandprosper.org\/wp-content\/uploads\/2023\/05\/Day-Care-SETO-Spanish-TY-2022-fillable.pdf\">Day Care SETO Spanish TY 2022<\/a><\/li>\n<li><a href=\"https:\/\/old.prepareandprosper.org\/wp-content\/uploads\/2023\/08\/Tax-Year-2023-Income-Expense-Tracker-and-Tax-Estimator-1.xlsx\"><span class=\"ui-provider fy b c d e f g h i j k l m n o p q r s t u v w x y z ab ac ae af ag ah ai aj ak\" dir=\"ltr\">Income Expense Tracker and Estimator Tool TY 2023- <\/span>Excel (English)<\/a><\/li>\n<li><a href=\"https:\/\/docs.google.com\/spreadsheets\/d\/1Liw7mpqzk3iDkfqW2TvtIU7wXxhQtXcQ5PryRi6izC8\/edit?usp=sharing\">Income Expense Tracker and Estimator Tool TY 2023- Google Sheets (English)<\/a><\/li>\n<li><a href=\"https:\/\/old.prepareandprosper.org\/wp-content\/uploads\/2023\/08\/Ano-fiscal-2023-hoja-de-ingresos-y-gastos-y-estimador-de-impuestos.xlsx\"><span class=\"ui-provider fy b c d e f g h i j k l m n o p q r s t u v w x y z ab ac ae af ag ah ai aj ak\" dir=\"ltr\">Income Expense Tracker and Estimator Tool TY 2023- <\/span>Excel (Spanish)<\/a><\/li>\n<li><a href=\"https:\/\/docs.google.com\/spreadsheets\/d\/1T2ufpeevOQw-je42SVBUG6bEVgVtd6LPexm4iVqPY0U\/edit#gid=999296007\">Income Expense Tracker and Estimator Tool TY 2023- Google Sheets (Spanish)<\/a><\/li>\n<li><a href=\"https:\/\/old.prepareandprosper.org\/wp-content\/uploads\/2023\/08\/Estimated-Tax-Payments-Basics.pdf\" target=\"_blank\" rel=\"noopener\">Estimated Tax Payment Basics (English)<\/a><\/li>\n<li><a href=\"https:\/\/old.prepareandprosper.org\/wp-content\/uploads\/2023\/04\/Small-business-resources-1.pdf\" target=\"_blank\" rel=\"noopener\">Small Business Resources (English)<\/a><\/li>\n<li><a href=\"https:\/\/old.prepareandprosper.org\/wp-content\/uploads\/2023\/06\/MN-Sales-and-Use-Tax-Basics.pdf\">MN Sales and Use Tax Basics<\/a><\/li>\n<\/ul>\n<p>[\/vc_column_text][vc_single_image media=\u00bb72203&#8243; media_width_percent=\u00bb100&#8243; uncode_shortcode_id=\u00bb838766&#8243;][\/vc_column][\/vc_row][vc_row row_height_percent=\u00bb10&#8243; override_padding=\u00bbyes\u00bb h_padding=\u00bb0&#8243; top_padding=\u00bb0&#8243; bottom_padding=\u00bb0&#8243; back_image=\u00bb72113&#8243; parallax=\u00bbyes\u00bb overlay_alpha=\u00bb50&#8243; gutter_size=\u00bb3&#8243; column_width_percent=\u00bb100&#8243; shift_y=\u00bb0&#8243; z_index=\u00bb0&#8243; uncode_shortcode_id=\u00bb282120&#8243;][vc_column width=\u00bb1\/1&#8243;][\/vc_column][\/vc_row][vc_row][vc_column width=\u00bb1\/1&#8243;][uncode_block id=\u00bb67644&#8243;][\/vc_column][\/vc_row]<\/p>\n<\/section>","protected":false},"excerpt":{"rendered":"<p>[vc_row row_height_percent=\u00bb0&#8243; override_padding=\u00bbyes\u00bb h_padding=\u00bb2&#8243; top_padding=\u00bb2&#8243; bottom_padding=\u00bb1&#8243; overlay_alpha=\u00bb50&#8243; gutter_size=\u00bb3&#8243; column_width_percent=\u00bb100&#8243; shift_y=\u00bb0&#8243; z_index=\u00bb0&#8243; el_class=\u00bbinternal-banner-row hero-row-banner\u00bb css=\u00bb.vc_custom_1673032367181{margin-bottom: 60px !important;}\u00bb uncode_shortcode_id=\u00bb149656&#8243;][vc_column width=\u00bb1\/1&#8243;][vc_row_inner limit_content=\u00bb\u00bb][vc_column_inner column_width_percent=\u00bb100&#8243; [&hellip;]<\/p>\n","protected":false},"author":31,"featured_media":0,"parent":72505,"menu_order":5,"comment_status":"closed","ping_status":"closed","template":"","meta":{"_monsterinsights_skip_tracking":false,"_monsterinsights_sitenote_active":false,"_monsterinsights_sitenote_note":"","_monsterinsights_sitenote_category":0,"footnotes":""},"class_list":["post-72488","page","type-page","status-publish","hentry"],"yoast_head":"<!-- This site is optimized with the Yoast SEO plugin v25.9 - https:\/\/yoast.com\/wordpress\/plugins\/seo\/ -->\n<title>Cl\u00ednica Para Trabajadores Independientes - Prepare + Prosper<\/title>\n<meta name=\"robots\" content=\"noindex, follow, max-snippet:-1, max-image-preview:large, max-video-preview:-1\" \/>\n<meta property=\"og:locale\" content=\"es_ES\" \/>\n<meta property=\"og:type\" content=\"article\" \/>\n<meta property=\"og:title\" content=\"Cl\u00ednica Para Trabajadores Independientes - Prepare + Prosper\" \/>\n<meta property=\"og:description\" content=\"[vc_row row_height_percent=\u00bb0&#8243; override_padding=\u00bbyes\u00bb h_padding=\u00bb2&#8243; top_padding=\u00bb2&#8243; bottom_padding=\u00bb1&#8243; overlay_alpha=\u00bb50&#8243; gutter_size=\u00bb3&#8243; column_width_percent=\u00bb100&#8243; shift_y=\u00bb0&#8243; z_index=\u00bb0&#8243; el_class=\u00bbinternal-banner-row hero-row-banner\u00bb css=\u00bb.vc_custom_1673032367181{margin-bottom: 60px !important;}\u00bb uncode_shortcode_id=\u00bb149656&#8243;][vc_column width=\u00bb1\/1&#8243;][vc_row_inner limit_content=\u00bb\u00bb][vc_column_inner column_width_percent=\u00bb100&#8243; [&hellip;]\" \/>\n<meta property=\"og:url\" content=\"https:\/\/old.prepareandprosper.org\/es\/preparacion-de-impuestos-gratuita\/clinica-para-trabajadores-independientes\/\" \/>\n<meta property=\"og:site_name\" content=\"Prepare + Prosper\" \/>\n<meta property=\"article:modified_time\" content=\"2023-08-21T19:40:44+00:00\" \/>\n<meta name=\"twitter:card\" content=\"summary_large_image\" \/>\n<meta name=\"twitter:label1\" content=\"Tiempo de lectura\" \/>\n\t<meta name=\"twitter:data1\" content=\"8 minutos\" \/>\n<script type=\"application\/ld+json\" class=\"yoast-schema-graph\">{\"@context\":\"https:\/\/schema.org\",\"@graph\":[{\"@type\":\"WebPage\",\"@id\":\"https:\/\/old.prepareandprosper.org\/es\/preparacion-de-impuestos-gratuita\/clinica-para-trabajadores-independientes\/\",\"url\":\"https:\/\/old.prepareandprosper.org\/es\/preparacion-de-impuestos-gratuita\/clinica-para-trabajadores-independientes\/\",\"name\":\"Cl\u00ednica Para Trabajadores Independientes - Prepare + Prosper\",\"isPartOf\":{\"@id\":\"https:\/\/old.prepareandprosper.org\/es\/#website\"},\"datePublished\":\"2023-01-09T16:04:20+00:00\",\"dateModified\":\"2023-08-21T19:40:44+00:00\",\"breadcrumb\":{\"@id\":\"https:\/\/old.prepareandprosper.org\/es\/preparacion-de-impuestos-gratuita\/clinica-para-trabajadores-independientes\/#breadcrumb\"},\"inLanguage\":\"es\",\"potentialAction\":[{\"@type\":\"ReadAction\",\"target\":[\"https:\/\/old.prepareandprosper.org\/es\/preparacion-de-impuestos-gratuita\/clinica-para-trabajadores-independientes\/\"]}]},{\"@type\":\"BreadcrumbList\",\"@id\":\"https:\/\/old.prepareandprosper.org\/es\/preparacion-de-impuestos-gratuita\/clinica-para-trabajadores-independientes\/#breadcrumb\",\"itemListElement\":[{\"@type\":\"ListItem\",\"position\":1,\"name\":\"Home\",\"item\":\"https:\/\/old.prepareandprosper.org\/es\/\"},{\"@type\":\"ListItem\",\"position\":2,\"name\":\"Preparaci\u00f3n de impuestos gratuita\",\"item\":\"https:\/\/old.prepareandprosper.org\/es\/preparacion-de-impuestos-gratuita\/\"},{\"@type\":\"ListItem\",\"position\":3,\"name\":\"Cl\u00ednica Para Trabajadores Independientes\"}]},{\"@type\":\"WebSite\",\"@id\":\"https:\/\/old.prepareandprosper.org\/es\/#website\",\"url\":\"https:\/\/old.prepareandprosper.org\/es\/\",\"name\":\"Prepare + Prosper\",\"description\":\"Financial Wellness for Everyone\",\"potentialAction\":[{\"@type\":\"SearchAction\",\"target\":{\"@type\":\"EntryPoint\",\"urlTemplate\":\"https:\/\/old.prepareandprosper.org\/es\/?s={search_term_string}\"},\"query-input\":{\"@type\":\"PropertyValueSpecification\",\"valueRequired\":true,\"valueName\":\"search_term_string\"}}],\"inLanguage\":\"es\"}]}<\/script>\n<!-- \/ Yoast SEO plugin. -->","yoast_head_json":{"title":"Cl\u00ednica Para Trabajadores Independientes - Prepare + Prosper","robots":{"index":"noindex","follow":"follow","max-snippet":"max-snippet:-1","max-image-preview":"max-image-preview:large","max-video-preview":"max-video-preview:-1"},"og_locale":"es_ES","og_type":"article","og_title":"Cl\u00ednica Para Trabajadores Independientes - Prepare + Prosper","og_description":"[vc_row row_height_percent=\u00bb0&#8243; override_padding=\u00bbyes\u00bb h_padding=\u00bb2&#8243; top_padding=\u00bb2&#8243; bottom_padding=\u00bb1&#8243; overlay_alpha=\u00bb50&#8243; gutter_size=\u00bb3&#8243; column_width_percent=\u00bb100&#8243; shift_y=\u00bb0&#8243; z_index=\u00bb0&#8243; el_class=\u00bbinternal-banner-row hero-row-banner\u00bb css=\u00bb.vc_custom_1673032367181{margin-bottom: 60px !important;}\u00bb uncode_shortcode_id=\u00bb149656&#8243;][vc_column width=\u00bb1\/1&#8243;][vc_row_inner limit_content=\u00bb\u00bb][vc_column_inner column_width_percent=\u00bb100&#8243; [&hellip;]","og_url":"https:\/\/old.prepareandprosper.org\/es\/preparacion-de-impuestos-gratuita\/clinica-para-trabajadores-independientes\/","og_site_name":"Prepare + Prosper","article_modified_time":"2023-08-21T19:40:44+00:00","twitter_card":"summary_large_image","twitter_misc":{"Tiempo de lectura":"8 minutos"},"schema":{"@context":"https:\/\/schema.org","@graph":[{"@type":"WebPage","@id":"https:\/\/old.prepareandprosper.org\/es\/preparacion-de-impuestos-gratuita\/clinica-para-trabajadores-independientes\/","url":"https:\/\/old.prepareandprosper.org\/es\/preparacion-de-impuestos-gratuita\/clinica-para-trabajadores-independientes\/","name":"Cl\u00ednica Para Trabajadores Independientes - Prepare + Prosper","isPartOf":{"@id":"https:\/\/old.prepareandprosper.org\/es\/#website"},"datePublished":"2023-01-09T16:04:20+00:00","dateModified":"2023-08-21T19:40:44+00:00","breadcrumb":{"@id":"https:\/\/old.prepareandprosper.org\/es\/preparacion-de-impuestos-gratuita\/clinica-para-trabajadores-independientes\/#breadcrumb"},"inLanguage":"es","potentialAction":[{"@type":"ReadAction","target":["https:\/\/old.prepareandprosper.org\/es\/preparacion-de-impuestos-gratuita\/clinica-para-trabajadores-independientes\/"]}]},{"@type":"BreadcrumbList","@id":"https:\/\/old.prepareandprosper.org\/es\/preparacion-de-impuestos-gratuita\/clinica-para-trabajadores-independientes\/#breadcrumb","itemListElement":[{"@type":"ListItem","position":1,"name":"Home","item":"https:\/\/old.prepareandprosper.org\/es\/"},{"@type":"ListItem","position":2,"name":"Preparaci\u00f3n de impuestos gratuita","item":"https:\/\/old.prepareandprosper.org\/es\/preparacion-de-impuestos-gratuita\/"},{"@type":"ListItem","position":3,"name":"Cl\u00ednica Para Trabajadores Independientes"}]},{"@type":"WebSite","@id":"https:\/\/old.prepareandprosper.org\/es\/#website","url":"https:\/\/old.prepareandprosper.org\/es\/","name":"Prepare + Prosper","description":"Financial Wellness for Everyone","potentialAction":[{"@type":"SearchAction","target":{"@type":"EntryPoint","urlTemplate":"https:\/\/old.prepareandprosper.org\/es\/?s={search_term_string}"},"query-input":{"@type":"PropertyValueSpecification","valueRequired":true,"valueName":"search_term_string"}}],"inLanguage":"es"}]}},"_links":{"self":[{"href":"https:\/\/old.prepareandprosper.org\/es\/wp-json\/wp\/v2\/pages\/72488","targetHints":{"allow":["GET"]}}],"collection":[{"href":"https:\/\/old.prepareandprosper.org\/es\/wp-json\/wp\/v2\/pages"}],"about":[{"href":"https:\/\/old.prepareandprosper.org\/es\/wp-json\/wp\/v2\/types\/page"}],"author":[{"embeddable":true,"href":"https:\/\/old.prepareandprosper.org\/es\/wp-json\/wp\/v2\/users\/31"}],"replies":[{"embeddable":true,"href":"https:\/\/old.prepareandprosper.org\/es\/wp-json\/wp\/v2\/comments?post=72488"}],"version-history":[{"count":0,"href":"https:\/\/old.prepareandprosper.org\/es\/wp-json\/wp\/v2\/pages\/72488\/revisions"}],"up":[{"embeddable":true,"href":"https:\/\/old.prepareandprosper.org\/es\/wp-json\/wp\/v2\/pages\/72505"}],"wp:attachment":[{"href":"https:\/\/old.prepareandprosper.org\/es\/wp-json\/wp\/v2\/media?parent=72488"}],"curies":[{"name":"wp","href":"https:\/\/api.w.org\/{rel}","templated":true}]}}