{"id":72486,"date":"2023-02-02T11:29:51","date_gmt":"2023-02-02T17:29:51","guid":{"rendered":"https:\/\/old.prepareandprosper.org\/itin\/"},"modified":"2023-03-09T19:28:02","modified_gmt":"2023-03-10T01:28:02","slug":"itin","status":"publish","type":"page","link":"https:\/\/old.prepareandprosper.org\/es\/preparacion-de-impuestos-gratuita\/itin\/","title":{"rendered":"ITIN"},"content":{"rendered":"<section class=\"wpb-content-wrapper\"><p>[vc_row row_height_percent=\u00bb0&#8243; overlay_alpha=\u00bb50&#8243; gutter_size=\u00bb3&#8243; column_width_percent=\u00bb100&#8243; shift_y=\u00bb0&#8243; z_index=\u00bb0&#8243; el_class=\u00bbinternal-banner-row hero-row-banner\u00bb css=\u00bb.vc_custom_1675105706499{margin-bottom: 60px !important;}\u00bb uncode_shortcode_id=\u00bb169294&#8243;][vc_column width=\u00bb1\/1&#8243;][vc_row_inner limit_content=\u00bb\u00bb][vc_column_inner column_width_percent=\u00bb100&#8243; gutter_size=\u00bb3&#8243; overlay_alpha=\u00bb50&#8243; shift_x=\u00bb0&#8243; shift_y=\u00bb0&#8243; shift_y_down=\u00bb0&#8243; z_index=\u00bb0&#8243; medium_width=\u00bb4&#8243; mobile_width=\u00bb0&#8243; width=\u00bb5\/12&#8243;][vc_empty_space empty_h=\u00bb0&#8243;][vc_custom_heading heading_semantic=\u00bbh1&#8243; text_size=\u00bbh1&#8243;]<\/p>\n<h1>Solicitud y renovaci\u00f3n del ITIN<\/h1>\n<p>[\/vc_custom_heading][vc_separator sep_color=\u00bbcolor-571301&#8243; type=\u00bbdotted\u00bb el_width=\u00bb100px\u00bb el_height=\u00bb7&#8243; el_class=\u00bbdivider-orange\u00bb][vc_column_text uncode_shortcode_id=\u00bb135690&#8243;]\u00bfNo tiene n\u00famero de Seguro Social? Hay una alternativa! Podemos ayudarle a obtener un N\u00famero de Identificaci\u00f3n Personal del Contribuyente (ITIN), de forma gratuita.[\/vc_column_text][\/vc_column_inner][vc_column_inner width=\u00bb7\/12&#8243;][vc_single_image media=\u00bb72390&#8243; media_width_percent=\u00bb100&#8243; uncode_shortcode_id=\u00bb150197&#8243;][\/vc_column_inner][\/vc_row_inner][\/vc_column][\/vc_row][vc_row][vc_column width=\u00bb1\/1&#8243;][vc_custom_heading uncode_shortcode_id=\u00bb230821&#8243;]\u00bfQu\u00e9 es un ITIN y qui\u00e9n lo necesita?[\/vc_custom_heading][vc_row_inner limit_content=\u00bb\u00bb][vc_column_inner width=\u00bb1\/4&#8243;][vc_column_text uncode_shortcode_id=\u00bb725369&#8243;]Un N\u00famero de Identificaci\u00f3n Personal del Contribuyente (ITIN) es un n\u00famero de tramitaci\u00f3n fiscal dado por el Servicio de Impuestos Internos (IRS).[\/vc_column_text][vc_single_image media=\u00bb72301&#8243; media_width_percent=\u00bb100&#8243; uncode_shortcode_id=\u00bb163545&#8243;][\/vc_column_inner][vc_column_inner width=\u00bb1\/4&#8243;][vc_column_text uncode_shortcode_id=\u00bb428486&#8243;]Si no tiene un n\u00famero de Seguro Social (SSN) o si no cumple con los requisitos para obtenerlo, necesitar\u00e1 un ITIN para poder presentar sus impuestos Esto se aplica a cualquier persona de lo cual su nombre figure en la declaraci\u00f3n de la renta: el declarante principal, el c\u00f3nyuge o las personas a su cargo.[\/vc_column_text][\/vc_column_inner][vc_column_inner width=\u00bb1\/4&#8243;][vc_column_text uncode_shortcode_id=\u00bb696587&#8243;]Recuerde que los ITIN pueden expedirse independientemente de la situaci\u00f3n migratoria. Las personas que son residentes o no residentes pueden seguir teniendo la obligaci\u00f3n de presentar declaraciones o informes en Estados Unidos. Puede obtener m\u00e1s informaci\u00f3n sobre los ITIN visitando el <a href=\"https:\/\/www.irs.gov\/individuals\/individual-taxpayer-identification-number\" target=\"_blank\" rel=\"noopener\">sitio web del IRS.<\/a>[\/vc_column_text][\/vc_column_inner][vc_column_inner width=\u00bb1\/4&#8243;][vc_single_image media=\u00bb72394&#8243; media_width_percent=\u00bb100&#8243; uncode_shortcode_id=\u00bb629846&#8243;][\/vc_column_inner][\/vc_row_inner][\/vc_column][\/vc_row][vc_row][vc_column width=\u00bb1\/1&#8243;][vc_custom_heading text_color=\u00bbcolor-132540&#8243; uncode_shortcode_id=\u00bb154934&#8243; text_color_type=\u00bbuncode-palette\u00bb]Contamos con agentes de aceptaci\u00f3n certificados (CAAS) para ayudarle a obtener un ITIN o renovar el que ya tiene[\/vc_custom_heading][vc_row_inner limit_content=\u00bb\u00bb][vc_column_inner width=\u00bb1\/3&#8243;][vc_column_text uncode_shortcode_id=\u00bb955680&#8243;]<\/p>\n<h3>C\u00f3mo solicitar un ITIN<\/h3>\n<p>Llame al 651-262-2177 para programar una cita.<\/p>\n<p>Tendr\u00e1 que presentar su solicitud de ITIN (un formulario W-7) al mismo tiempo que haga su cita de impuestos, por lo que le programaremos ambas cosas a la vez.[\/vc_column_text][\/vc_column_inner][vc_column_inner width=\u00bb1\/3&#8243;][vc_column_text uncode_shortcode_id=\u00bb291854&#8243;]<\/p>\n<h3>C\u00f3mo renovar su ITIN<\/h3>\n<p>Llame al 651-262-2177 para programar una cita.<\/p>\n<p>A partir de 2016, algunos n\u00fameros ITIN deber\u00e1n renovarse de forma rotatoria o cuando no se utilicen durante tres o m\u00e1s a\u00f1os. Normalmente, el IRS le enviar\u00e1 una carta pidi\u00e9ndole que lo renueve. Ll\u00e1menos cuando reciba la carta y programaremos una cita para renovar su ITIN.[\/vc_column_text][\/vc_column_inner][\/vc_row_inner][\/vc_column][\/vc_row][vc_row][vc_column width=\u00bb1\/1&#8243;][vc_custom_heading uncode_shortcode_id=\u00bb929029&#8243;]Lo que necesitas[\/vc_custom_heading][vc_column_text uncode_shortcode_id=\u00bb149428&#8243;]<span class=\"ui-provider ve b c d e f g h i j k l m n o p q r s t u v w x y z ab ac ae af ag ah ai aj ak\" dir=\"ltr\">Necesitar\u00e1 un documento original v\u00e1lido con fotograf\u00eda para verificar su identificaci\u00f3n junto con un documento que verifique su condici\u00f3n de extranjero. <\/span><\/p>\n<p><span class=\"ui-provider ve b c d e f g h i j k l m n o p q r s t u v w x y z ab ac ae af ag ah ai aj ak\" dir=\"ltr\">Hablaremos de los documentos necesarios una vez que haya programado su cita. <\/span><\/p>\n<p><span class=\"ui-provider ve b c d e f g h i j k l m n o p q r s t u v w x y z ab ac ae af ag ah ai aj ak\" dir=\"ltr\">En la mayor\u00eda de los casos, no es necesario presentar los documentos originales, ya que contamos con Agentes de Aceptaci\u00f3n Certificados (CAAS).<\/span>[\/vc_column_text][\/vc_column][\/vc_row]<\/p>\n<\/section>","protected":false},"excerpt":{"rendered":"<p>[vc_row row_height_percent=\u00bb0&#8243; overlay_alpha=\u00bb50&#8243; gutter_size=\u00bb3&#8243; column_width_percent=\u00bb100&#8243; shift_y=\u00bb0&#8243; z_index=\u00bb0&#8243; el_class=\u00bbinternal-banner-row hero-row-banner\u00bb css=\u00bb.vc_custom_1675105706499{margin-bottom: 60px !important;}\u00bb uncode_shortcode_id=\u00bb169294&#8243;][vc_column width=\u00bb1\/1&#8243;][vc_row_inner limit_content=\u00bb\u00bb][vc_column_inner column_width_percent=\u00bb100&#8243; gutter_size=\u00bb3&#8243; overlay_alpha=\u00bb50&#8243; shift_x=\u00bb0&#8243; shift_y=\u00bb0&#8243; [&hellip;]<\/p>\n","protected":false},"author":31,"featured_media":0,"parent":72505,"menu_order":6,"comment_status":"closed","ping_status":"closed","template":"","meta":{"_monsterinsights_skip_tracking":false,"_monsterinsights_sitenote_active":false,"_monsterinsights_sitenote_note":"","_monsterinsights_sitenote_category":0,"footnotes":""},"class_list":["post-72486","page","type-page","status-publish","hentry"],"yoast_head":"<!-- This site is optimized with the Yoast SEO plugin v25.9 - https:\/\/yoast.com\/wordpress\/plugins\/seo\/ -->\n<title>ITIN - Prepare + Prosper<\/title>\n<meta name=\"robots\" content=\"noindex, follow, max-snippet:-1, max-image-preview:large, max-video-preview:-1\" \/>\n<meta property=\"og:locale\" content=\"es_ES\" \/>\n<meta property=\"og:type\" content=\"article\" \/>\n<meta property=\"og:title\" content=\"ITIN - Prepare + Prosper\" \/>\n<meta property=\"og:description\" content=\"[vc_row row_height_percent=\u00bb0&#8243; overlay_alpha=\u00bb50&#8243; gutter_size=\u00bb3&#8243; column_width_percent=\u00bb100&#8243; shift_y=\u00bb0&#8243; z_index=\u00bb0&#8243; el_class=\u00bbinternal-banner-row hero-row-banner\u00bb css=\u00bb.vc_custom_1675105706499{margin-bottom: 60px !important;}\u00bb uncode_shortcode_id=\u00bb169294&#8243;][vc_column width=\u00bb1\/1&#8243;][vc_row_inner limit_content=\u00bb\u00bb][vc_column_inner column_width_percent=\u00bb100&#8243; gutter_size=\u00bb3&#8243; overlay_alpha=\u00bb50&#8243; shift_x=\u00bb0&#8243; shift_y=\u00bb0&#8243; [&hellip;]\" \/>\n<meta property=\"og:url\" content=\"https:\/\/old.prepareandprosper.org\/es\/preparacion-de-impuestos-gratuita\/itin\/\" \/>\n<meta property=\"og:site_name\" content=\"Prepare + Prosper\" \/>\n<meta property=\"article:modified_time\" content=\"2023-03-10T01:28:02+00:00\" \/>\n<meta name=\"twitter:card\" content=\"summary_large_image\" \/>\n<meta name=\"twitter:label1\" content=\"Tiempo de lectura\" \/>\n\t<meta name=\"twitter:data1\" content=\"3 minutos\" \/>\n<script type=\"application\/ld+json\" class=\"yoast-schema-graph\">{\"@context\":\"https:\/\/schema.org\",\"@graph\":[{\"@type\":\"WebPage\",\"@id\":\"https:\/\/old.prepareandprosper.org\/es\/preparacion-de-impuestos-gratuita\/itin\/\",\"url\":\"https:\/\/old.prepareandprosper.org\/es\/preparacion-de-impuestos-gratuita\/itin\/\",\"name\":\"ITIN - Prepare + Prosper\",\"isPartOf\":{\"@id\":\"https:\/\/old.prepareandprosper.org\/es\/#website\"},\"datePublished\":\"2023-02-02T17:29:51+00:00\",\"dateModified\":\"2023-03-10T01:28:02+00:00\",\"breadcrumb\":{\"@id\":\"https:\/\/old.prepareandprosper.org\/es\/preparacion-de-impuestos-gratuita\/itin\/#breadcrumb\"},\"inLanguage\":\"es\",\"potentialAction\":[{\"@type\":\"ReadAction\",\"target\":[\"https:\/\/old.prepareandprosper.org\/es\/preparacion-de-impuestos-gratuita\/itin\/\"]}]},{\"@type\":\"BreadcrumbList\",\"@id\":\"https:\/\/old.prepareandprosper.org\/es\/preparacion-de-impuestos-gratuita\/itin\/#breadcrumb\",\"itemListElement\":[{\"@type\":\"ListItem\",\"position\":1,\"name\":\"Home\",\"item\":\"https:\/\/old.prepareandprosper.org\/es\/\"},{\"@type\":\"ListItem\",\"position\":2,\"name\":\"Preparaci\u00f3n de impuestos gratuita\",\"item\":\"https:\/\/old.prepareandprosper.org\/es\/preparacion-de-impuestos-gratuita\/\"},{\"@type\":\"ListItem\",\"position\":3,\"name\":\"ITIN\"}]},{\"@type\":\"WebSite\",\"@id\":\"https:\/\/old.prepareandprosper.org\/es\/#website\",\"url\":\"https:\/\/old.prepareandprosper.org\/es\/\",\"name\":\"Prepare + Prosper\",\"description\":\"Financial Wellness for Everyone\",\"potentialAction\":[{\"@type\":\"SearchAction\",\"target\":{\"@type\":\"EntryPoint\",\"urlTemplate\":\"https:\/\/old.prepareandprosper.org\/es\/?s={search_term_string}\"},\"query-input\":{\"@type\":\"PropertyValueSpecification\",\"valueRequired\":true,\"valueName\":\"search_term_string\"}}],\"inLanguage\":\"es\"}]}<\/script>\n<!-- \/ Yoast SEO plugin. -->","yoast_head_json":{"title":"ITIN - Prepare + Prosper","robots":{"index":"noindex","follow":"follow","max-snippet":"max-snippet:-1","max-image-preview":"max-image-preview:large","max-video-preview":"max-video-preview:-1"},"og_locale":"es_ES","og_type":"article","og_title":"ITIN - Prepare + Prosper","og_description":"[vc_row row_height_percent=\u00bb0&#8243; overlay_alpha=\u00bb50&#8243; gutter_size=\u00bb3&#8243; column_width_percent=\u00bb100&#8243; shift_y=\u00bb0&#8243; z_index=\u00bb0&#8243; el_class=\u00bbinternal-banner-row hero-row-banner\u00bb css=\u00bb.vc_custom_1675105706499{margin-bottom: 60px !important;}\u00bb uncode_shortcode_id=\u00bb169294&#8243;][vc_column width=\u00bb1\/1&#8243;][vc_row_inner limit_content=\u00bb\u00bb][vc_column_inner column_width_percent=\u00bb100&#8243; gutter_size=\u00bb3&#8243; overlay_alpha=\u00bb50&#8243; shift_x=\u00bb0&#8243; shift_y=\u00bb0&#8243; [&hellip;]","og_url":"https:\/\/old.prepareandprosper.org\/es\/preparacion-de-impuestos-gratuita\/itin\/","og_site_name":"Prepare + Prosper","article_modified_time":"2023-03-10T01:28:02+00:00","twitter_card":"summary_large_image","twitter_misc":{"Tiempo de lectura":"3 minutos"},"schema":{"@context":"https:\/\/schema.org","@graph":[{"@type":"WebPage","@id":"https:\/\/old.prepareandprosper.org\/es\/preparacion-de-impuestos-gratuita\/itin\/","url":"https:\/\/old.prepareandprosper.org\/es\/preparacion-de-impuestos-gratuita\/itin\/","name":"ITIN - Prepare + Prosper","isPartOf":{"@id":"https:\/\/old.prepareandprosper.org\/es\/#website"},"datePublished":"2023-02-02T17:29:51+00:00","dateModified":"2023-03-10T01:28:02+00:00","breadcrumb":{"@id":"https:\/\/old.prepareandprosper.org\/es\/preparacion-de-impuestos-gratuita\/itin\/#breadcrumb"},"inLanguage":"es","potentialAction":[{"@type":"ReadAction","target":["https:\/\/old.prepareandprosper.org\/es\/preparacion-de-impuestos-gratuita\/itin\/"]}]},{"@type":"BreadcrumbList","@id":"https:\/\/old.prepareandprosper.org\/es\/preparacion-de-impuestos-gratuita\/itin\/#breadcrumb","itemListElement":[{"@type":"ListItem","position":1,"name":"Home","item":"https:\/\/old.prepareandprosper.org\/es\/"},{"@type":"ListItem","position":2,"name":"Preparaci\u00f3n de impuestos gratuita","item":"https:\/\/old.prepareandprosper.org\/es\/preparacion-de-impuestos-gratuita\/"},{"@type":"ListItem","position":3,"name":"ITIN"}]},{"@type":"WebSite","@id":"https:\/\/old.prepareandprosper.org\/es\/#website","url":"https:\/\/old.prepareandprosper.org\/es\/","name":"Prepare + Prosper","description":"Financial Wellness for Everyone","potentialAction":[{"@type":"SearchAction","target":{"@type":"EntryPoint","urlTemplate":"https:\/\/old.prepareandprosper.org\/es\/?s={search_term_string}"},"query-input":{"@type":"PropertyValueSpecification","valueRequired":true,"valueName":"search_term_string"}}],"inLanguage":"es"}]}},"_links":{"self":[{"href":"https:\/\/old.prepareandprosper.org\/es\/wp-json\/wp\/v2\/pages\/72486","targetHints":{"allow":["GET"]}}],"collection":[{"href":"https:\/\/old.prepareandprosper.org\/es\/wp-json\/wp\/v2\/pages"}],"about":[{"href":"https:\/\/old.prepareandprosper.org\/es\/wp-json\/wp\/v2\/types\/page"}],"author":[{"embeddable":true,"href":"https:\/\/old.prepareandprosper.org\/es\/wp-json\/wp\/v2\/users\/31"}],"replies":[{"embeddable":true,"href":"https:\/\/old.prepareandprosper.org\/es\/wp-json\/wp\/v2\/comments?post=72486"}],"version-history":[{"count":0,"href":"https:\/\/old.prepareandprosper.org\/es\/wp-json\/wp\/v2\/pages\/72486\/revisions"}],"up":[{"embeddable":true,"href":"https:\/\/old.prepareandprosper.org\/es\/wp-json\/wp\/v2\/pages\/72505"}],"wp:attachment":[{"href":"https:\/\/old.prepareandprosper.org\/es\/wp-json\/wp\/v2\/media?parent=72486"}],"curies":[{"name":"wp","href":"https:\/\/api.w.org\/{rel}","templated":true}]}}