{"id":72484,"date":"2018-01-05T19:53:05","date_gmt":"2018-01-06T01:53:05","guid":{"rendered":"https:\/\/old.prepareandprosper.org\/herramientas-de-impuestos-para-clientes\/"},"modified":"2023-08-21T14:32:33","modified_gmt":"2023-08-21T19:32:33","slug":"herramientas-de-impuestos-para-clientes","status":"publish","type":"page","link":"https:\/\/old.prepareandprosper.org\/es\/herramientas-de-impuestos-para-clientes\/","title":{"rendered":"Recursos Para Clientes"},"content":{"rendered":"<section class=\"wpb-content-wrapper\"><p>[vc_row row_height_percent=\u00bb0&#8243; back_color=\u00bbcolor-483252&#8243; overlay_alpha=\u00bb50&#8243; gutter_size=\u00bb3&#8243; column_width_percent=\u00bb100&#8243; shift_y=\u00bb0&#8243; z_index=\u00bb0&#8243; el_class=\u00bbinternal-banner-row hero-row-banner\u00bb css=\u00bb.vc_custom_1513549268532{margin-bottom: 60px !important;}\u00bb][vc_column width=\u00bb1\/2&#8243;][vc_row_inner row_inner_height_percent=\u00bb0&#8243; overlay_alpha=\u00bb50&#8243; gutter_size=\u00bb3&#8243; shift_y=\u00bb0&#8243; z_index=\u00bb0&#8243; limit_content=\u00bb\u00bb][vc_column_inner column_width_percent=\u00bb100&#8243; gutter_size=\u00bb3&#8243; overlay_alpha=\u00bb50&#8243; shift_x=\u00bb0&#8243; shift_y=\u00bb0&#8243; shift_y_down=\u00bb0&#8243; z_index=\u00bb0&#8243; medium_width=\u00bb4&#8243; mobile_width=\u00bb0&#8243; width=\u00bb5\/12&#8243;][vc_empty_space empty_h=\u00bb0&#8243;][vc_custom_heading heading_semantic=\u00bbh1&#8243; text_size=\u00bbh1&#8243; uncode_shortcode_id=\u00bb194689&#8243;]<span style=\"color: #00b0b8;\">Herramientas fiscales para Herramientas de Impuestos para clientes<\/span>[\/vc_custom_heading][vc_column_text]Prep\u00e1rese para la \u00e9poca de impuestos. Aqu\u00ed encontrar\u00e1 herramientas que le ayudar\u00e1n a prepararse para su declaraci\u00f3n de impuestos y a gestionar sus finanzas y, si es un trabajador independiente, su negocio.[\/vc_column_text][\/vc_column_inner][\/vc_row_inner][\/vc_column][vc_column width=\u00bb1\/2&#8243;][vc_single_image media=\u00bb72203&#8243; media_width_percent=\u00bb100&#8243; uncode_shortcode_id=\u00bb196713&#8243;][\/vc_column][\/vc_row][vc_row row_height_percent=\u00bb0&#8243; overlay_alpha=\u00bb50&#8243; gutter_size=\u00bb3&#8243; column_width_percent=\u00bb100&#8243; shift_y=\u00bb0&#8243; z_index=\u00bb0&#8243; desktop_visibility=\u00bbyes\u00bb][vc_column width=\u00bb1\/1&#8243;][vc_wp_custommenu nav_menu=\u00bb172&#8243; title=\u00bbNavegar\u00bb el_class=\u00bbaccordion\u00bb][\/vc_column][\/vc_row][vc_row][vc_column width=\u00bb1\/2&#8243;][vc_column_text uncode_shortcode_id=\u00bb148321&#8243;]<\/p>\n<h4>Para todos los clientes<\/h4>\n<ul>\n<li><a href=\"https:\/\/old.prepareandprosper.org\/wp-content\/uploads\/2023\/01\/PP-Intake-Paperwork-Packet.pdf\" target=\"_blank\" rel=\"noopener\">P+P Intake Paperwork Packet<\/a> &#8211; Ejercicio fiscal 2022<\/li>\n<li><a href=\"https:\/\/prepareprod.wpengine.com\/wp-content\/uploads\/2021\/01\/2021-Amendment-Request-Form.pdf\" target=\"_blank\" rel=\"noopener\">Formulario de solicitud de modificaci\u00f3n (ingl\u00e9s)<\/a><\/li>\n<li><a href=\"https:\/\/old.prepareandprosper.org\/wp-content\/uploads\/2023\/01\/HomeownerRenter-Info-Spanish-TY2022.pdf\" target=\"_blank\" rel=\"noopener\">INFO DE INQUILINO + DUE\u00d1O DE CASA (Imprimible) TY2022<\/a><\/li>\n<li><a href=\"https:\/\/form.jotform.com\/231146546109150\" target=\"_blank\" rel=\"noopener\">INFO DE INQUILINO + DUE\u00d1O DE CASA (En l\u00ednea) TY2022<\/a><\/li>\n<li><a href=\"https:\/\/old.prepareandprosper.org\/wp-content\/uploads\/2023\/01\/Paying-a-Balance-Due-English-Spanish-TY2022.pdf\" target=\"_blank\" rel=\"noopener\">Pagar un saldo vencido (ingl\u00e9s + espa\u00f1ol) TY2022<\/a><\/li>\n<\/ul>\n<p>[\/vc_column_text][vc_column_text uncode_shortcode_id=\u00bb632324&#8243;]<\/p>\n<h4>Folletos sobre servicios financieros<\/h4>\n<ul>\n<li><a href=\"https:\/\/old.prepareandprosper.org\/wp-content\/uploads\/2023\/01\/Credit-Report-Information.pdf\" target=\"_blank\" rel=\"noopener\">Informaci\u00f3n sobre el informe de cr\u00e9dito<\/a><\/li>\n<li><a href=\"https:\/\/old.prepareandprosper.org\/wp-content\/uploads\/2023\/01\/Financial-Counseling-Information.pdf\" target=\"_blank\" rel=\"noopener\">Informaci\u00f3n sobre asesoramiento financiero<\/a><\/li>\n<li><a href=\"https:\/\/old.prepareandprosper.org\/wp-content\/uploads\/2023\/01\/Prepaid-Debit-Card-Information.pdf\" target=\"_blank\" rel=\"noopener\">Informaci\u00f3n sobre la tarjeta de d\u00e9bito prepagada<\/a><\/li>\n<li><a href=\"https:\/\/old.prepareandprosper.org\/wp-content\/uploads\/2023\/01\/U.S.-Savings-Bond-Information.pdf\" target=\"_blank\" rel=\"noopener\">Informaci\u00f3n sobre los bonos de ahorro de EE.UU.<\/a><\/li>\n<li>Money Mentors &#8211; Folleto gratuito sobre asesoramiento financiero<\/li>\n<\/ul>\n<p>[\/vc_column_text][\/vc_column][vc_column width=\u00bb1\/2&#8243;][vc_column_text uncode_shortcode_id=\u00bb354631&#8243;]<\/p>\n<h4>Para trabajadores independientes<\/h4>\n<ul>\n<li><a href=\"https:\/\/old.prepareandprosper.org\/wp-content\/uploads\/2023\/05\/SETO-Spanish-TY-2022-fillable.pdf\" target=\"_blank\" rel=\"noopener\">SETO Espa\u00f1ol TY 2022<\/a><\/li>\n<li><a href=\"https:\/\/old.prepareandprosper.org\/wp-content\/uploads\/2023\/01\/SETO-Spanish-Cheat-Sheet-TY-2022.pdf\" target=\"_blank\" rel=\"noopener\">SETO Spanish Cheat Sheet TY 2022<\/a><\/li>\n<li><a href=\"https:\/\/docs.google.com\/spreadsheets\/d\/1T2ufpeevOQw-je42SVBUG6bEVgVtd6LPexm4iVqPY0U\/edit#gid=999296007\">2023 hoja de ingresos\/gastos y estimador de impuestos (Google Sheets)<\/a><\/li>\n<li><a href=\"https:\/\/old.prepareandprosper.org\/wp-content\/uploads\/2023\/08\/Ano-fiscal-2023-hoja-de-ingresos-y-gastos-y-estimador-de-impuestos.xlsx\">2023 hoja de ingresos\/gastos y estimador de impuestos (Excel)<\/a><\/li>\n<li><a href=\"https:\/\/old.prepareandprosper.org\/wp-content\/uploads\/2023\/05\/Day-Care-SETO-Spanish-TY-2022-fillable.pdf\" target=\"_blank\" rel=\"noopener\">Guarder\u00eda SETO Espa\u00f1ol TY 2022<\/a><\/li>\n<li><a href=\"https:\/\/prepareprod.wpengine.com\/wp-content\/uploads\/2021\/03\/Inc-Exp-Worksheet-formulas-Spanish-2021.xlsx\" target=\"_blank\" rel=\"noopener\">Hoja de c\u00e1lculo de ingresos y gastos<\/a><\/li>\n<\/ul>\n<p>[\/vc_column_text][vc_column_text el_class=\u00bbbtn-link-borderless\u00bb uncode_shortcode_id=\u00bb105471&#8243;]Si tiene preguntas, <a href=\"mailto:patrick@old.prepareandprosper.org\">env\u00ede un correo electr\u00f3nico a Patrick<\/a><\/p>\n<p>O llame al 651-262-2159[\/vc_column_text][\/vc_column][\/vc_row][vc_row][vc_column width=\u00bb1\/1&#8243;][vc_empty_space empty_h=\u00bb3&#8243;][\/vc_column][\/vc_row][vc_row][vc_column width=\u00bb1\/1&#8243;][vc_column_text][vc_wp_links][\/vc_column_text][\/vc_column][\/vc_row]<\/p>\n<\/section>","protected":false},"excerpt":{"rendered":"<p>[vc_row row_height_percent=\u00bb0&#8243; back_color=\u00bbcolor-483252&#8243; overlay_alpha=\u00bb50&#8243; gutter_size=\u00bb3&#8243; column_width_percent=\u00bb100&#8243; shift_y=\u00bb0&#8243; z_index=\u00bb0&#8243; el_class=\u00bbinternal-banner-row hero-row-banner\u00bb css=\u00bb.vc_custom_1513549268532{margin-bottom: 60px !important;}\u00bb][vc_column width=\u00bb1\/2&#8243;][vc_row_inner row_inner_height_percent=\u00bb0&#8243; overlay_alpha=\u00bb50&#8243; gutter_size=\u00bb3&#8243; shift_y=\u00bb0&#8243; z_index=\u00bb0&#8243; limit_content=\u00bb\u00bb][vc_column_inner [&hellip;]<\/p>\n","protected":false},"author":28,"featured_media":0,"parent":0,"menu_order":34,"comment_status":"closed","ping_status":"closed","template":"","meta":{"_monsterinsights_skip_tracking":false,"_monsterinsights_sitenote_active":false,"_monsterinsights_sitenote_note":"","_monsterinsights_sitenote_category":0,"footnotes":""},"class_list":["post-72484","page","type-page","status-publish","hentry"],"yoast_head":"<!-- This site is optimized with the Yoast SEO plugin v25.9 - https:\/\/yoast.com\/wordpress\/plugins\/seo\/ -->\n<title>Recursos Para Clientes - Prepare + Prosper<\/title>\n<meta name=\"robots\" content=\"noindex, follow, max-snippet:-1, max-image-preview:large, max-video-preview:-1\" \/>\n<meta property=\"og:locale\" content=\"es_ES\" \/>\n<meta property=\"og:type\" content=\"article\" \/>\n<meta property=\"og:title\" content=\"Recursos Para Clientes - Prepare + Prosper\" \/>\n<meta property=\"og:description\" content=\"[vc_row row_height_percent=\u00bb0&#8243; back_color=\u00bbcolor-483252&#8243; overlay_alpha=\u00bb50&#8243; gutter_size=\u00bb3&#8243; column_width_percent=\u00bb100&#8243; shift_y=\u00bb0&#8243; z_index=\u00bb0&#8243; el_class=\u00bbinternal-banner-row hero-row-banner\u00bb css=\u00bb.vc_custom_1513549268532{margin-bottom: 60px !important;}\u00bb][vc_column width=\u00bb1\/2&#8243;][vc_row_inner row_inner_height_percent=\u00bb0&#8243; overlay_alpha=\u00bb50&#8243; gutter_size=\u00bb3&#8243; shift_y=\u00bb0&#8243; z_index=\u00bb0&#8243; limit_content=\u00bb\u00bb][vc_column_inner [&hellip;]\" \/>\n<meta property=\"og:url\" content=\"https:\/\/old.prepareandprosper.org\/es\/herramientas-de-impuestos-para-clientes\/\" \/>\n<meta property=\"og:site_name\" content=\"Prepare + Prosper\" \/>\n<meta property=\"article:modified_time\" content=\"2023-08-21T19:32:33+00:00\" \/>\n<meta name=\"twitter:card\" content=\"summary_large_image\" \/>\n<meta name=\"twitter:label1\" content=\"Tiempo de lectura\" \/>\n\t<meta name=\"twitter:data1\" content=\"2 minutos\" \/>\n<script type=\"application\/ld+json\" class=\"yoast-schema-graph\">{\"@context\":\"https:\/\/schema.org\",\"@graph\":[{\"@type\":\"WebPage\",\"@id\":\"https:\/\/old.prepareandprosper.org\/es\/herramientas-de-impuestos-para-clientes\/\",\"url\":\"https:\/\/old.prepareandprosper.org\/es\/herramientas-de-impuestos-para-clientes\/\",\"name\":\"Recursos Para Clientes - Prepare + Prosper\",\"isPartOf\":{\"@id\":\"https:\/\/old.prepareandprosper.org\/es\/#website\"},\"datePublished\":\"2018-01-06T01:53:05+00:00\",\"dateModified\":\"2023-08-21T19:32:33+00:00\",\"breadcrumb\":{\"@id\":\"https:\/\/old.prepareandprosper.org\/es\/herramientas-de-impuestos-para-clientes\/#breadcrumb\"},\"inLanguage\":\"es\",\"potentialAction\":[{\"@type\":\"ReadAction\",\"target\":[\"https:\/\/old.prepareandprosper.org\/es\/herramientas-de-impuestos-para-clientes\/\"]}]},{\"@type\":\"BreadcrumbList\",\"@id\":\"https:\/\/old.prepareandprosper.org\/es\/herramientas-de-impuestos-para-clientes\/#breadcrumb\",\"itemListElement\":[{\"@type\":\"ListItem\",\"position\":1,\"name\":\"Home\",\"item\":\"https:\/\/old.prepareandprosper.org\/es\/\"},{\"@type\":\"ListItem\",\"position\":2,\"name\":\"Recursos Para Clientes\"}]},{\"@type\":\"WebSite\",\"@id\":\"https:\/\/old.prepareandprosper.org\/es\/#website\",\"url\":\"https:\/\/old.prepareandprosper.org\/es\/\",\"name\":\"Prepare + Prosper\",\"description\":\"Financial Wellness for Everyone\",\"potentialAction\":[{\"@type\":\"SearchAction\",\"target\":{\"@type\":\"EntryPoint\",\"urlTemplate\":\"https:\/\/old.prepareandprosper.org\/es\/?s={search_term_string}\"},\"query-input\":{\"@type\":\"PropertyValueSpecification\",\"valueRequired\":true,\"valueName\":\"search_term_string\"}}],\"inLanguage\":\"es\"}]}<\/script>\n<!-- \/ Yoast SEO plugin. -->","yoast_head_json":{"title":"Recursos Para Clientes - Prepare + Prosper","robots":{"index":"noindex","follow":"follow","max-snippet":"max-snippet:-1","max-image-preview":"max-image-preview:large","max-video-preview":"max-video-preview:-1"},"og_locale":"es_ES","og_type":"article","og_title":"Recursos Para Clientes - Prepare + Prosper","og_description":"[vc_row row_height_percent=\u00bb0&#8243; back_color=\u00bbcolor-483252&#8243; overlay_alpha=\u00bb50&#8243; gutter_size=\u00bb3&#8243; column_width_percent=\u00bb100&#8243; shift_y=\u00bb0&#8243; z_index=\u00bb0&#8243; el_class=\u00bbinternal-banner-row hero-row-banner\u00bb css=\u00bb.vc_custom_1513549268532{margin-bottom: 60px !important;}\u00bb][vc_column width=\u00bb1\/2&#8243;][vc_row_inner row_inner_height_percent=\u00bb0&#8243; overlay_alpha=\u00bb50&#8243; gutter_size=\u00bb3&#8243; shift_y=\u00bb0&#8243; z_index=\u00bb0&#8243; limit_content=\u00bb\u00bb][vc_column_inner [&hellip;]","og_url":"https:\/\/old.prepareandprosper.org\/es\/herramientas-de-impuestos-para-clientes\/","og_site_name":"Prepare + Prosper","article_modified_time":"2023-08-21T19:32:33+00:00","twitter_card":"summary_large_image","twitter_misc":{"Tiempo de lectura":"2 minutos"},"schema":{"@context":"https:\/\/schema.org","@graph":[{"@type":"WebPage","@id":"https:\/\/old.prepareandprosper.org\/es\/herramientas-de-impuestos-para-clientes\/","url":"https:\/\/old.prepareandprosper.org\/es\/herramientas-de-impuestos-para-clientes\/","name":"Recursos Para Clientes - Prepare + Prosper","isPartOf":{"@id":"https:\/\/old.prepareandprosper.org\/es\/#website"},"datePublished":"2018-01-06T01:53:05+00:00","dateModified":"2023-08-21T19:32:33+00:00","breadcrumb":{"@id":"https:\/\/old.prepareandprosper.org\/es\/herramientas-de-impuestos-para-clientes\/#breadcrumb"},"inLanguage":"es","potentialAction":[{"@type":"ReadAction","target":["https:\/\/old.prepareandprosper.org\/es\/herramientas-de-impuestos-para-clientes\/"]}]},{"@type":"BreadcrumbList","@id":"https:\/\/old.prepareandprosper.org\/es\/herramientas-de-impuestos-para-clientes\/#breadcrumb","itemListElement":[{"@type":"ListItem","position":1,"name":"Home","item":"https:\/\/old.prepareandprosper.org\/es\/"},{"@type":"ListItem","position":2,"name":"Recursos Para Clientes"}]},{"@type":"WebSite","@id":"https:\/\/old.prepareandprosper.org\/es\/#website","url":"https:\/\/old.prepareandprosper.org\/es\/","name":"Prepare + Prosper","description":"Financial Wellness for Everyone","potentialAction":[{"@type":"SearchAction","target":{"@type":"EntryPoint","urlTemplate":"https:\/\/old.prepareandprosper.org\/es\/?s={search_term_string}"},"query-input":{"@type":"PropertyValueSpecification","valueRequired":true,"valueName":"search_term_string"}}],"inLanguage":"es"}]}},"_links":{"self":[{"href":"https:\/\/old.prepareandprosper.org\/es\/wp-json\/wp\/v2\/pages\/72484","targetHints":{"allow":["GET"]}}],"collection":[{"href":"https:\/\/old.prepareandprosper.org\/es\/wp-json\/wp\/v2\/pages"}],"about":[{"href":"https:\/\/old.prepareandprosper.org\/es\/wp-json\/wp\/v2\/types\/page"}],"author":[{"embeddable":true,"href":"https:\/\/old.prepareandprosper.org\/es\/wp-json\/wp\/v2\/users\/28"}],"replies":[{"embeddable":true,"href":"https:\/\/old.prepareandprosper.org\/es\/wp-json\/wp\/v2\/comments?post=72484"}],"version-history":[{"count":0,"href":"https:\/\/old.prepareandprosper.org\/es\/wp-json\/wp\/v2\/pages\/72484\/revisions"}],"wp:attachment":[{"href":"https:\/\/old.prepareandprosper.org\/es\/wp-json\/wp\/v2\/media?parent=72484"}],"curies":[{"name":"wp","href":"https:\/\/api.w.org\/{rel}","templated":true}]}}